{"id":1665,"date":"2018-10-18T16:40:37","date_gmt":"2018-10-18T19:40:37","guid":{"rendered":"http:\/\/promoalge.com.br\/?post_type=product&#038;p=1665"},"modified":"2018-10-18T16:40:38","modified_gmt":"2018-10-18T19:40:38","slug":"calendario-pr12657","status":"publish","type":"product","link":"https:\/\/promoalge.com.br\/?product=calendario-pr12657","title":{"rendered":"Calend\u00e1rio &#8211; PR12657"},"content":{"rendered":"","protected":false},"excerpt":{"rendered":"<p>Calend\u00e1rio de pvc com base e  &#8220;bolso&#8221; pl\u00e1stico para encaixar o calend\u00e1rio, medidas montado 11,5 cm x 16,6 cm &#8211; Aberto 25,9 cm x 16,6 cm. Grava\u00e7\u00e3o serigrafia em 1 cor.<\/p>\n","protected":false},"featured_media":1669,"template":"","meta":[],"product_brand":[],"product_cat":[353,409],"product_tag":[],"class_list":{"0":"post-1665","1":"product","2":"type-product","3":"status-publish","4":"has-post-thumbnail","6":"product_cat-diversos","7":"product_cat-escritorio","9":"first","10":"instock","11":"shipping-taxable","12":"product-type-simple"},"_links":{"self":[{"href":"https:\/\/promoalge.com.br\/index.php?rest_route=\/wp\/v2\/product\/1665","targetHints":{"allow":["GET"]}}],"collection":[{"href":"https:\/\/promoalge.com.br\/index.php?rest_route=\/wp\/v2\/product"}],"about":[{"href":"https:\/\/promoalge.com.br\/index.php?rest_route=\/wp\/v2\/types\/product"}],"wp:featuredmedia":[{"embeddable":true,"href":"https:\/\/promoalge.com.br\/index.php?rest_route=\/wp\/v2\/media\/1669"}],"wp:attachment":[{"href":"https:\/\/promoalge.com.br\/index.php?rest_route=%2Fwp%2Fv2%2Fmedia&parent=1665"}],"wp:term":[{"taxonomy":"product_brand","embeddable":true,"href":"https:\/\/promoalge.com.br\/index.php?rest_route=%2Fwp%2Fv2%2Fproduct_brand&post=1665"},{"taxonomy":"product_cat","embeddable":true,"href":"https:\/\/promoalge.com.br\/index.php?rest_route=%2Fwp%2Fv2%2Fproduct_cat&post=1665"},{"taxonomy":"product_tag","embeddable":true,"href":"https:\/\/promoalge.com.br\/index.php?rest_route=%2Fwp%2Fv2%2Fproduct_tag&post=1665"}],"curies":[{"name":"wp","href":"https:\/\/api.w.org\/{rel}","templated":true}]}}