{"id":1734,"date":"2018-10-19T12:18:15","date_gmt":"2018-10-19T15:18:15","guid":{"rendered":"http:\/\/promoalge.com.br\/?post_type=product&#038;p=1734"},"modified":"2018-10-19T12:18:41","modified_gmt":"2018-10-19T15:18:41","slug":"bloco-de-anotacoes-com-porta-caneta-pr3078","status":"publish","type":"product","link":"https:\/\/promoalge.com.br\/?product=bloco-de-anotacoes-com-porta-caneta-pr3078","title":{"rendered":"Bloco de Anota\u00e7\u00f5es com Porta Caneta &#8211; PR3078"},"content":{"rendered":"","protected":false},"excerpt":{"rendered":"<p>Bloco de anota\u00e7\u00f5es em couro sint\u00e9tico e suporte pl\u00e1stico para caneta(n\u00e3o acompanha caneta). Acompanha calend\u00e1rio no suporte pl\u00e1stico interno e bloco com aproximadamente 120 folhas amarelas, azuis e rosas auto colantes. Acompanha calend\u00e1rio no compartimento pl\u00e1stico interno. Medidas Altura: 185 mm x Largura: 104 mm. Grava\u00c7\u00e3o serigrafia em 1 cor.<\/p>\n","protected":false},"featured_media":1738,"template":"","meta":[],"product_brand":[],"product_cat":[409],"product_tag":[],"class_list":{"0":"post-1734","1":"product","2":"type-product","3":"status-publish","4":"has-post-thumbnail","6":"product_cat-escritorio","8":"first","9":"instock","10":"shipping-taxable","11":"product-type-simple"},"_links":{"self":[{"href":"https:\/\/promoalge.com.br\/index.php?rest_route=\/wp\/v2\/product\/1734","targetHints":{"allow":["GET"]}}],"collection":[{"href":"https:\/\/promoalge.com.br\/index.php?rest_route=\/wp\/v2\/product"}],"about":[{"href":"https:\/\/promoalge.com.br\/index.php?rest_route=\/wp\/v2\/types\/product"}],"wp:featuredmedia":[{"embeddable":true,"href":"https:\/\/promoalge.com.br\/index.php?rest_route=\/wp\/v2\/media\/1738"}],"wp:attachment":[{"href":"https:\/\/promoalge.com.br\/index.php?rest_route=%2Fwp%2Fv2%2Fmedia&parent=1734"}],"wp:term":[{"taxonomy":"product_brand","embeddable":true,"href":"https:\/\/promoalge.com.br\/index.php?rest_route=%2Fwp%2Fv2%2Fproduct_brand&post=1734"},{"taxonomy":"product_cat","embeddable":true,"href":"https:\/\/promoalge.com.br\/index.php?rest_route=%2Fwp%2Fv2%2Fproduct_cat&post=1734"},{"taxonomy":"product_tag","embeddable":true,"href":"https:\/\/promoalge.com.br\/index.php?rest_route=%2Fwp%2Fv2%2Fproduct_tag&post=1734"}],"curies":[{"name":"wp","href":"https:\/\/api.w.org\/{rel}","templated":true}]}}