{"id":1767,"date":"2018-10-19T12:53:51","date_gmt":"2018-10-19T15:53:51","guid":{"rendered":"http:\/\/promoalge.com.br\/?post_type=product&#038;p=1767"},"modified":"2018-10-19T14:34:36","modified_gmt":"2018-10-19T17:34:36","slug":"bloco-de-anotacoes-com-post-it-caneta-pr2328","status":"publish","type":"product","link":"https:\/\/promoalge.com.br\/?product=bloco-de-anotacoes-com-post-it-caneta-pr2328","title":{"rendered":"Bloco de Anota\u00e7\u00f5es &#8211; PR2328"},"content":{"rendered":"","protected":false},"excerpt":{"rendered":"<p>Bloco de anota\u00e7\u00f5es pl\u00e1stico com post-it, mini caneta e r\u00e9gua de 12cm na lateral. Possui espiral preto, suporte el\u00e1stico na capa para mini caneta(basta levantar o \u201cclip\u201d para acion\u00e1-la), cinco blocos auto colantes com aproximadamente 20 folhas cada, bloco amarelo com aproximadamente 25 folhas e 50 folhas aproximadamente brancas pautadas, medidas 13,3 x 10,5 cm. Grava\u00e7\u00e3o serigrafia em 1 cor na capa do bloco.<\/p>\n","protected":false},"featured_media":1768,"template":"","meta":[],"product_brand":[],"product_cat":[409],"product_tag":[],"class_list":{"0":"post-1767","1":"product","2":"type-product","3":"status-publish","4":"has-post-thumbnail","6":"product_cat-escritorio","8":"first","9":"instock","10":"shipping-taxable","11":"product-type-simple"},"_links":{"self":[{"href":"https:\/\/promoalge.com.br\/index.php?rest_route=\/wp\/v2\/product\/1767","targetHints":{"allow":["GET"]}}],"collection":[{"href":"https:\/\/promoalge.com.br\/index.php?rest_route=\/wp\/v2\/product"}],"about":[{"href":"https:\/\/promoalge.com.br\/index.php?rest_route=\/wp\/v2\/types\/product"}],"wp:featuredmedia":[{"embeddable":true,"href":"https:\/\/promoalge.com.br\/index.php?rest_route=\/wp\/v2\/media\/1768"}],"wp:attachment":[{"href":"https:\/\/promoalge.com.br\/index.php?rest_route=%2Fwp%2Fv2%2Fmedia&parent=1767"}],"wp:term":[{"taxonomy":"product_brand","embeddable":true,"href":"https:\/\/promoalge.com.br\/index.php?rest_route=%2Fwp%2Fv2%2Fproduct_brand&post=1767"},{"taxonomy":"product_cat","embeddable":true,"href":"https:\/\/promoalge.com.br\/index.php?rest_route=%2Fwp%2Fv2%2Fproduct_cat&post=1767"},{"taxonomy":"product_tag","embeddable":true,"href":"https:\/\/promoalge.com.br\/index.php?rest_route=%2Fwp%2Fv2%2Fproduct_tag&post=1767"}],"curies":[{"name":"wp","href":"https:\/\/api.w.org\/{rel}","templated":true}]}}