{"id":1782,"date":"2018-10-19T13:05:06","date_gmt":"2018-10-19T16:05:06","guid":{"rendered":"http:\/\/promoalge.com.br\/?post_type=product&#038;p=1782"},"modified":"2018-10-19T13:05:07","modified_gmt":"2018-10-19T16:05:07","slug":"bloco-de-anotacoes-pr8180","status":"publish","type":"product","link":"https:\/\/promoalge.com.br\/?product=bloco-de-anotacoes-pr8180","title":{"rendered":"Bloco de Anota\u00e7\u00f5es &#8211; PR8180"},"content":{"rendered":"","protected":false},"excerpt":{"rendered":"<p>Bloco de anota\u00e7\u00f5es ecol\u00f3gico com caneta e post-it. Bloco retangular de papel\u00e3o com frente e verso liso, contra capa possui um \u201cbolso\u201d com r\u00e9gua pl\u00e1stica fosca de 12 cm. Possui cinco blocos coloridos auto-colantes com aproximadamente 130 folhas e dois blocos rascunho rosa e amarelo com aproximadamente 130 folhas, medidas 16,1 cm x 6,5 cm. Grava\u00e7\u00e3o serigrafia em 1 cor no bloco e caneta.<\/p>\n","protected":false},"featured_media":1783,"template":"","meta":[],"product_brand":[],"product_cat":[409,321],"product_tag":[],"class_list":{"0":"post-1782","1":"product","2":"type-product","3":"status-publish","4":"has-post-thumbnail","6":"product_cat-escritorio","7":"product_cat-linha-ecologica","9":"first","10":"instock","11":"shipping-taxable","12":"product-type-simple"},"_links":{"self":[{"href":"https:\/\/promoalge.com.br\/index.php?rest_route=\/wp\/v2\/product\/1782","targetHints":{"allow":["GET"]}}],"collection":[{"href":"https:\/\/promoalge.com.br\/index.php?rest_route=\/wp\/v2\/product"}],"about":[{"href":"https:\/\/promoalge.com.br\/index.php?rest_route=\/wp\/v2\/types\/product"}],"wp:featuredmedia":[{"embeddable":true,"href":"https:\/\/promoalge.com.br\/index.php?rest_route=\/wp\/v2\/media\/1783"}],"wp:attachment":[{"href":"https:\/\/promoalge.com.br\/index.php?rest_route=%2Fwp%2Fv2%2Fmedia&parent=1782"}],"wp:term":[{"taxonomy":"product_brand","embeddable":true,"href":"https:\/\/promoalge.com.br\/index.php?rest_route=%2Fwp%2Fv2%2Fproduct_brand&post=1782"},{"taxonomy":"product_cat","embeddable":true,"href":"https:\/\/promoalge.com.br\/index.php?rest_route=%2Fwp%2Fv2%2Fproduct_cat&post=1782"},{"taxonomy":"product_tag","embeddable":true,"href":"https:\/\/promoalge.com.br\/index.php?rest_route=%2Fwp%2Fv2%2Fproduct_tag&post=1782"}],"curies":[{"name":"wp","href":"https:\/\/api.w.org\/{rel}","templated":true}]}}