{"id":186,"date":"2018-06-14T17:06:57","date_gmt":"2018-06-14T20:06:57","guid":{"rendered":"http:\/\/promoalge.com.br\/?product=import-placeholder-for-3720"},"modified":"2018-10-18T14:46:33","modified_gmt":"2018-10-18T17:46:33","slug":"caneta-plastica-com-marca-texto-pr2028","status":"publish","type":"product","link":"https:\/\/promoalge.com.br\/?product=caneta-plastica-com-marca-texto-pr2028","title":{"rendered":"Caneta Pl\u00e1stica com Marca Texto &#8211; PR2028"},"content":{"rendered":"<p>Caneta esferogr\u00e1fica e marca texto com corpo plastico. Grava\u00e7\u00e3o serigrafia.<\/p>\n","protected":false},"excerpt":{"rendered":"<p>Caneta esferogr\u00e1fica e marca texto com corpo plastico. Grava\u00e7\u00e3o serigrafia.<\/p>\n","protected":false},"featured_media":239,"template":"","meta":[],"product_brand":[],"product_cat":[18],"product_tag":[],"class_list":{"0":"post-186","1":"product","2":"type-product","3":"status-publish","4":"has-post-thumbnail","6":"product_cat-canetas-plastica","8":"first","9":"instock","10":"shipping-taxable","11":"product-type-simple"},"_links":{"self":[{"href":"https:\/\/promoalge.com.br\/index.php?rest_route=\/wp\/v2\/product\/186","targetHints":{"allow":["GET"]}}],"collection":[{"href":"https:\/\/promoalge.com.br\/index.php?rest_route=\/wp\/v2\/product"}],"about":[{"href":"https:\/\/promoalge.com.br\/index.php?rest_route=\/wp\/v2\/types\/product"}],"wp:featuredmedia":[{"embeddable":true,"href":"https:\/\/promoalge.com.br\/index.php?rest_route=\/wp\/v2\/media\/239"}],"wp:attachment":[{"href":"https:\/\/promoalge.com.br\/index.php?rest_route=%2Fwp%2Fv2%2Fmedia&parent=186"}],"wp:term":[{"taxonomy":"product_brand","embeddable":true,"href":"https:\/\/promoalge.com.br\/index.php?rest_route=%2Fwp%2Fv2%2Fproduct_brand&post=186"},{"taxonomy":"product_cat","embeddable":true,"href":"https:\/\/promoalge.com.br\/index.php?rest_route=%2Fwp%2Fv2%2Fproduct_cat&post=186"},{"taxonomy":"product_tag","embeddable":true,"href":"https:\/\/promoalge.com.br\/index.php?rest_route=%2Fwp%2Fv2%2Fproduct_tag&post=186"}],"curies":[{"name":"wp","href":"https:\/\/api.w.org\/{rel}","templated":true}]}}