{"id":1871,"date":"2018-10-19T15:07:25","date_gmt":"2018-10-19T18:07:25","guid":{"rendered":"http:\/\/promoalge.com.br\/?post_type=product&#038;p=1871"},"modified":"2018-10-19T15:07:26","modified_gmt":"2018-10-19T18:07:26","slug":"bloco-de-anotacoes-pr93786","status":"publish","type":"product","link":"https:\/\/promoalge.com.br\/?product=bloco-de-anotacoes-pr93786","title":{"rendered":"Bloco de Anota\u00e7\u00f5es &#8211; PR93786"},"content":{"rendered":"","protected":false},"excerpt":{"rendered":"<p>Bloco de anota\u00e7\u00f5es com capa dura produzido em couro sint\u00e9tico, possui 80 folhas n\u00e3o pautadas, medidas 90 x 140 mm. Grava\u00e7\u00e3o baixo relevo ou serigrafia em 1 cor.<\/p>\n","protected":false},"featured_media":1872,"template":"","meta":[],"product_brand":[],"product_cat":[409],"product_tag":[],"class_list":{"0":"post-1871","1":"product","2":"type-product","3":"status-publish","4":"has-post-thumbnail","6":"product_cat-escritorio","8":"first","9":"instock","10":"shipping-taxable","11":"product-type-simple"},"_links":{"self":[{"href":"https:\/\/promoalge.com.br\/index.php?rest_route=\/wp\/v2\/product\/1871","targetHints":{"allow":["GET"]}}],"collection":[{"href":"https:\/\/promoalge.com.br\/index.php?rest_route=\/wp\/v2\/product"}],"about":[{"href":"https:\/\/promoalge.com.br\/index.php?rest_route=\/wp\/v2\/types\/product"}],"wp:featuredmedia":[{"embeddable":true,"href":"https:\/\/promoalge.com.br\/index.php?rest_route=\/wp\/v2\/media\/1872"}],"wp:attachment":[{"href":"https:\/\/promoalge.com.br\/index.php?rest_route=%2Fwp%2Fv2%2Fmedia&parent=1871"}],"wp:term":[{"taxonomy":"product_brand","embeddable":true,"href":"https:\/\/promoalge.com.br\/index.php?rest_route=%2Fwp%2Fv2%2Fproduct_brand&post=1871"},{"taxonomy":"product_cat","embeddable":true,"href":"https:\/\/promoalge.com.br\/index.php?rest_route=%2Fwp%2Fv2%2Fproduct_cat&post=1871"},{"taxonomy":"product_tag","embeddable":true,"href":"https:\/\/promoalge.com.br\/index.php?rest_route=%2Fwp%2Fv2%2Fproduct_tag&post=1871"}],"curies":[{"name":"wp","href":"https:\/\/api.w.org\/{rel}","templated":true}]}}