{"id":1885,"date":"2018-10-19T15:31:02","date_gmt":"2018-10-19T18:31:02","guid":{"rendered":"http:\/\/promoalge.com.br\/?post_type=product&#038;p=1885"},"modified":"2018-10-19T15:31:41","modified_gmt":"2018-10-19T18:31:41","slug":"pasta-convencao-pac109","status":"publish","type":"product","link":"https:\/\/promoalge.com.br\/?product=pasta-convencao-pac109","title":{"rendered":"Pasta Executiva &#8211; PAC109"},"content":{"rendered":"","protected":false},"excerpt":{"rendered":"<p>Pasta conven\u00e7\u00e3o de couro sint\u00e9tico com z\u00edper, possui 2 compartimentos grandes para arquivar documentos, compartimento interno com z\u00edper, 7 divis\u00f3rias pequenas para documentos, suporte com visor para cart\u00e3o de identifica\u00e7\u00e3o, suporte para caneta(n\u00e3o acompanha caneta) e bloco com 20 folhas pautadas, medidas 33,8 cm x 25,0 cm. Grava\u00e7\u00e3o baixo relevo.<\/p>\n","protected":false},"featured_media":1886,"template":"","meta":[],"product_brand":[],"product_cat":[408,409,410],"product_tag":[],"class_list":{"0":"post-1885","1":"product","2":"type-product","3":"status-publish","4":"has-post-thumbnail","6":"product_cat-couro","7":"product_cat-escritorio","8":"product_cat-eventos-pastas-pvc","10":"first","11":"instock","12":"shipping-taxable","13":"product-type-simple"},"_links":{"self":[{"href":"https:\/\/promoalge.com.br\/index.php?rest_route=\/wp\/v2\/product\/1885","targetHints":{"allow":["GET"]}}],"collection":[{"href":"https:\/\/promoalge.com.br\/index.php?rest_route=\/wp\/v2\/product"}],"about":[{"href":"https:\/\/promoalge.com.br\/index.php?rest_route=\/wp\/v2\/types\/product"}],"wp:featuredmedia":[{"embeddable":true,"href":"https:\/\/promoalge.com.br\/index.php?rest_route=\/wp\/v2\/media\/1886"}],"wp:attachment":[{"href":"https:\/\/promoalge.com.br\/index.php?rest_route=%2Fwp%2Fv2%2Fmedia&parent=1885"}],"wp:term":[{"taxonomy":"product_brand","embeddable":true,"href":"https:\/\/promoalge.com.br\/index.php?rest_route=%2Fwp%2Fv2%2Fproduct_brand&post=1885"},{"taxonomy":"product_cat","embeddable":true,"href":"https:\/\/promoalge.com.br\/index.php?rest_route=%2Fwp%2Fv2%2Fproduct_cat&post=1885"},{"taxonomy":"product_tag","embeddable":true,"href":"https:\/\/promoalge.com.br\/index.php?rest_route=%2Fwp%2Fv2%2Fproduct_tag&post=1885"}],"curies":[{"name":"wp","href":"https:\/\/api.w.org\/{rel}","templated":true}]}}