{"id":1890,"date":"2018-10-19T15:35:58","date_gmt":"2018-10-19T18:35:58","guid":{"rendered":"http:\/\/promoalge.com.br\/?post_type=product&#038;p=1890"},"modified":"2018-10-19T15:35:58","modified_gmt":"2018-10-19T18:35:58","slug":"pasta-executiva-pr92044","status":"publish","type":"product","link":"https:\/\/promoalge.com.br\/?product=pasta-executiva-pr92044","title":{"rendered":"Pasta Executiva &#8211; PR92044"},"content":{"rendered":"","protected":false},"excerpt":{"rendered":"<p>Pasta conven\u00e7\u00e3o modelo executiva tamanho A4 produzida em  couro sint\u00e9tico e microfibra, incluso bloco com 20 folhas pautadas, porta caneta, e divis\u00f3rias internas, medidas 245 x 325 x 40 mm. Grava\u00e7\u00e3o a laser em placa de metal.<\/p>\n","protected":false},"featured_media":1893,"template":"","meta":[],"product_brand":[],"product_cat":[408,409,410],"product_tag":[],"class_list":{"0":"post-1890","1":"product","2":"type-product","3":"status-publish","4":"has-post-thumbnail","6":"product_cat-couro","7":"product_cat-escritorio","8":"product_cat-eventos-pastas-pvc","10":"first","11":"instock","12":"shipping-taxable","13":"product-type-simple"},"_links":{"self":[{"href":"https:\/\/promoalge.com.br\/index.php?rest_route=\/wp\/v2\/product\/1890","targetHints":{"allow":["GET"]}}],"collection":[{"href":"https:\/\/promoalge.com.br\/index.php?rest_route=\/wp\/v2\/product"}],"about":[{"href":"https:\/\/promoalge.com.br\/index.php?rest_route=\/wp\/v2\/types\/product"}],"wp:featuredmedia":[{"embeddable":true,"href":"https:\/\/promoalge.com.br\/index.php?rest_route=\/wp\/v2\/media\/1893"}],"wp:attachment":[{"href":"https:\/\/promoalge.com.br\/index.php?rest_route=%2Fwp%2Fv2%2Fmedia&parent=1890"}],"wp:term":[{"taxonomy":"product_brand","embeddable":true,"href":"https:\/\/promoalge.com.br\/index.php?rest_route=%2Fwp%2Fv2%2Fproduct_brand&post=1890"},{"taxonomy":"product_cat","embeddable":true,"href":"https:\/\/promoalge.com.br\/index.php?rest_route=%2Fwp%2Fv2%2Fproduct_cat&post=1890"},{"taxonomy":"product_tag","embeddable":true,"href":"https:\/\/promoalge.com.br\/index.php?rest_route=%2Fwp%2Fv2%2Fproduct_tag&post=1890"}],"curies":[{"name":"wp","href":"https:\/\/api.w.org\/{rel}","templated":true}]}}