{"id":191,"date":"2018-06-14T17:06:58","date_gmt":"2018-06-14T20:06:58","guid":{"rendered":"http:\/\/promoalge.com.br\/?product=import-placeholder-for-3732"},"modified":"2018-06-14T17:09:10","modified_gmt":"2018-06-14T20:09:10","slug":"marca-texto-pr12439","status":"publish","type":"product","link":"https:\/\/promoalge.com.br\/?product=marca-texto-pr12439","title":{"rendered":"Marca Texto &#8211; PR12439"},"content":{"rendered":"<div id='gallery-1' class='gallery galleryid-191 gallery-columns-3 gallery-size-thumbnail'><figure class='gallery-item'>\n\t\t\t<div class='gallery-icon landscape'>\n\t\t\t\t<a href='https:\/\/promoalge.com.br\/?attachment_id=3733'><img loading=\"lazy\" decoding=\"async\" width=\"150\" height=\"150\" src=\"https:\/\/promoalge.com.br\/wp-content\/uploads\/2019\/06\/PR92905_03-150x150.jpg\" class=\"attachment-thumbnail size-thumbnail\" alt=\"\" srcset=\"https:\/\/promoalge.com.br\/wp-content\/uploads\/2019\/06\/PR92905_03-150x150.jpg 150w, https:\/\/promoalge.com.br\/wp-content\/uploads\/2019\/06\/PR92905_03-300x300.jpg 300w, https:\/\/promoalge.com.br\/wp-content\/uploads\/2019\/06\/PR92905_03.jpg 600w, https:\/\/promoalge.com.br\/wp-content\/uploads\/2019\/06\/PR92905_03-100x100.jpg 100w\" sizes=\"auto, (max-width: 150px) 100vw, 150px\" \/><\/a>\n\t\t\t<\/div><\/figure><figure class='gallery-item'>\n\t\t\t<div class='gallery-icon landscape'>\n\t\t\t\t<a href='https:\/\/promoalge.com.br\/?attachment_id=3734'><img loading=\"lazy\" decoding=\"async\" width=\"150\" height=\"150\" src=\"https:\/\/promoalge.com.br\/wp-content\/uploads\/2019\/06\/PR92905_04-150x150.jpg\" class=\"attachment-thumbnail size-thumbnail\" alt=\"\" srcset=\"https:\/\/promoalge.com.br\/wp-content\/uploads\/2019\/06\/PR92905_04-150x150.jpg 150w, https:\/\/promoalge.com.br\/wp-content\/uploads\/2019\/06\/PR92905_04-300x300.jpg 300w, https:\/\/promoalge.com.br\/wp-content\/uploads\/2019\/06\/PR92905_04.jpg 600w, https:\/\/promoalge.com.br\/wp-content\/uploads\/2019\/06\/PR92905_04-100x100.jpg 100w\" sizes=\"auto, (max-width: 150px) 100vw, 150px\" \/><\/a>\n\t\t\t<\/div><\/figure><figure class='gallery-item'>\n\t\t\t<div class='gallery-icon landscape'>\n\t\t\t\t<a href='https:\/\/promoalge.com.br\/?attachment_id=3735'><img loading=\"lazy\" decoding=\"async\" width=\"150\" height=\"150\" src=\"https:\/\/promoalge.com.br\/wp-content\/uploads\/2019\/06\/PR92905_04_logo-150x150.jpg\" class=\"attachment-thumbnail size-thumbnail\" alt=\"\" srcset=\"https:\/\/promoalge.com.br\/wp-content\/uploads\/2019\/06\/PR92905_04_logo-150x150.jpg 150w, https:\/\/promoalge.com.br\/wp-content\/uploads\/2019\/06\/PR92905_04_logo-300x300.jpg 300w, https:\/\/promoalge.com.br\/wp-content\/uploads\/2019\/06\/PR92905_04_logo.jpg 600w, https:\/\/promoalge.com.br\/wp-content\/uploads\/2019\/06\/PR92905_04_logo-100x100.jpg 100w\" sizes=\"auto, (max-width: 150px) 100vw, 150px\" \/><\/a>\n\t\t\t<\/div><\/figure>\n\t\t<\/div>\n\n<p>Boneco marca texto branco em pl\u00e1stico resistente. Possui quatro cores de marca texto, parte traseira da cabe\u00e7a possui limpador de tela e ao puxar bot\u00e3o ir\u00e1 subir\/descer limpador de teclado. Medidas Altura: 100 mm x Largura: 94 mm. Grava\u00e7\u00e3o serigrafia.<\/p>\n","protected":false},"excerpt":{"rendered":"<p>Boneco marca texto branco em pl\u00e1stico resistente. Possui quatro cores de marca texto, parte traseira da cabe\u00e7a possui limpador de tela e ao puxar bot\u00e3o ir\u00e1 subir\/descer limpador de teclado. Medidas Altura: 100 mm x Largura: 94 mm. Grava\u00e7\u00e3o serigrafia.<\/p>\n","protected":false},"featured_media":249,"template":"","meta":[],"product_brand":[],"product_cat":[18],"product_tag":[],"class_list":{"0":"post-191","1":"product","2":"type-product","3":"status-publish","4":"has-post-thumbnail","6":"product_cat-canetas-plastica","8":"first","9":"instock","10":"shipping-taxable","11":"product-type-simple"},"_links":{"self":[{"href":"https:\/\/promoalge.com.br\/index.php?rest_route=\/wp\/v2\/product\/191","targetHints":{"allow":["GET"]}}],"collection":[{"href":"https:\/\/promoalge.com.br\/index.php?rest_route=\/wp\/v2\/product"}],"about":[{"href":"https:\/\/promoalge.com.br\/index.php?rest_route=\/wp\/v2\/types\/product"}],"wp:featuredmedia":[{"embeddable":true,"href":"https:\/\/promoalge.com.br\/index.php?rest_route=\/wp\/v2\/media\/249"}],"wp:attachment":[{"href":"https:\/\/promoalge.com.br\/index.php?rest_route=%2Fwp%2Fv2%2Fmedia&parent=191"}],"wp:term":[{"taxonomy":"product_brand","embeddable":true,"href":"https:\/\/promoalge.com.br\/index.php?rest_route=%2Fwp%2Fv2%2Fproduct_brand&post=191"},{"taxonomy":"product_cat","embeddable":true,"href":"https:\/\/promoalge.com.br\/index.php?rest_route=%2Fwp%2Fv2%2Fproduct_cat&post=191"},{"taxonomy":"product_tag","embeddable":true,"href":"https:\/\/promoalge.com.br\/index.php?rest_route=%2Fwp%2Fv2%2Fproduct_tag&post=191"}],"curies":[{"name":"wp","href":"https:\/\/api.w.org\/{rel}","templated":true}]}}