{"id":1913,"date":"2018-10-24T14:56:54","date_gmt":"2018-10-24T17:56:54","guid":{"rendered":"http:\/\/promoalge.com.br\/?post_type=product&#038;p=1913"},"modified":"2018-10-24T14:56:54","modified_gmt":"2018-10-24T17:56:54","slug":"caneca-chopp-450-ml-c450ml","status":"publish","type":"product","link":"https:\/\/promoalge.com.br\/?product=caneca-chopp-450-ml-c450ml","title":{"rendered":"Caneca Chopp 450 Ml &#8211; C450ML"},"content":{"rendered":"","protected":false},"excerpt":{"rendered":"<p>Caneca Chopp pl\u00e1stica modelo oktober, capacidade 450 ml com al\u00e7a, grava\u00e7\u00e3o serigrafia em 1 cor.<\/p>\n","protected":false},"featured_media":1915,"template":"","meta":[],"product_brand":[],"product_cat":[251],"product_tag":[],"class_list":{"0":"post-1913","1":"product","2":"type-product","3":"status-publish","4":"has-post-thumbnail","6":"product_cat-plastica-canecas-copos-garrafas","8":"first","9":"instock","10":"shipping-taxable","11":"product-type-simple"},"_links":{"self":[{"href":"https:\/\/promoalge.com.br\/index.php?rest_route=\/wp\/v2\/product\/1913","targetHints":{"allow":["GET"]}}],"collection":[{"href":"https:\/\/promoalge.com.br\/index.php?rest_route=\/wp\/v2\/product"}],"about":[{"href":"https:\/\/promoalge.com.br\/index.php?rest_route=\/wp\/v2\/types\/product"}],"wp:featuredmedia":[{"embeddable":true,"href":"https:\/\/promoalge.com.br\/index.php?rest_route=\/wp\/v2\/media\/1915"}],"wp:attachment":[{"href":"https:\/\/promoalge.com.br\/index.php?rest_route=%2Fwp%2Fv2%2Fmedia&parent=1913"}],"wp:term":[{"taxonomy":"product_brand","embeddable":true,"href":"https:\/\/promoalge.com.br\/index.php?rest_route=%2Fwp%2Fv2%2Fproduct_brand&post=1913"},{"taxonomy":"product_cat","embeddable":true,"href":"https:\/\/promoalge.com.br\/index.php?rest_route=%2Fwp%2Fv2%2Fproduct_cat&post=1913"},{"taxonomy":"product_tag","embeddable":true,"href":"https:\/\/promoalge.com.br\/index.php?rest_route=%2Fwp%2Fv2%2Fproduct_tag&post=1913"}],"curies":[{"name":"wp","href":"https:\/\/api.w.org\/{rel}","templated":true}]}}