{"id":1917,"date":"2018-10-24T18:41:29","date_gmt":"2018-10-24T21:41:29","guid":{"rendered":"http:\/\/promoalge.com.br\/?post_type=product&#038;p=1917"},"modified":"2018-10-24T18:41:51","modified_gmt":"2018-10-24T21:41:51","slug":"taca-de-vinho-plastica-tvpl","status":"publish","type":"product","link":"https:\/\/promoalge.com.br\/?product=taca-de-vinho-plastica-tvpl","title":{"rendered":"Ta\u00e7a de Vinho Pl\u00e1stica &#8211; TVPL"},"content":{"rendered":"","protected":false},"excerpt":{"rendered":"<p>Ta\u00e7a de vinho produzida em acr\u00edlico capacidade 400 ml, grava\u00e7\u00e3o serigrafia em 1 cor.<\/p>\n","protected":false},"featured_media":1918,"template":"","meta":[],"product_brand":[],"product_cat":[49,251],"product_tag":[],"class_list":{"0":"post-1917","1":"product","2":"type-product","3":"status-publish","4":"has-post-thumbnail","6":"product_cat-bar-queijo-vinhos","7":"product_cat-plastica-canecas-copos-garrafas","9":"first","10":"instock","11":"shipping-taxable","12":"product-type-simple"},"_links":{"self":[{"href":"https:\/\/promoalge.com.br\/index.php?rest_route=\/wp\/v2\/product\/1917","targetHints":{"allow":["GET"]}}],"collection":[{"href":"https:\/\/promoalge.com.br\/index.php?rest_route=\/wp\/v2\/product"}],"about":[{"href":"https:\/\/promoalge.com.br\/index.php?rest_route=\/wp\/v2\/types\/product"}],"wp:featuredmedia":[{"embeddable":true,"href":"https:\/\/promoalge.com.br\/index.php?rest_route=\/wp\/v2\/media\/1918"}],"wp:attachment":[{"href":"https:\/\/promoalge.com.br\/index.php?rest_route=%2Fwp%2Fv2%2Fmedia&parent=1917"}],"wp:term":[{"taxonomy":"product_brand","embeddable":true,"href":"https:\/\/promoalge.com.br\/index.php?rest_route=%2Fwp%2Fv2%2Fproduct_brand&post=1917"},{"taxonomy":"product_cat","embeddable":true,"href":"https:\/\/promoalge.com.br\/index.php?rest_route=%2Fwp%2Fv2%2Fproduct_cat&post=1917"},{"taxonomy":"product_tag","embeddable":true,"href":"https:\/\/promoalge.com.br\/index.php?rest_route=%2Fwp%2Fv2%2Fproduct_tag&post=1917"}],"curies":[{"name":"wp","href":"https:\/\/api.w.org\/{rel}","templated":true}]}}