{"id":1924,"date":"2018-10-24T19:01:57","date_gmt":"2018-10-24T22:01:57","guid":{"rendered":"http:\/\/promoalge.com.br\/?post_type=product&#038;p=1924"},"modified":"2018-10-24T19:01:58","modified_gmt":"2018-10-24T22:01:58","slug":"taca-de-champanhe-com-led-180-ml-tcled18m","status":"publish","type":"product","link":"https:\/\/promoalge.com.br\/?product=taca-de-champanhe-com-led-180-ml-tcled18m","title":{"rendered":"Ta\u00e7a de Champanhe com Led 180 ml &#8211; TCLED18M"},"content":{"rendered":"","protected":false},"excerpt":{"rendered":"<p>Ta\u00e7a de champanhe pl\u00e1stica modelo Lit com led colorido na parte inferior, capacidade 180 ml. Grava\u00e7\u00e3o serigrafia em 1 cor.<\/p>\n","protected":false},"featured_media":1925,"template":"","meta":[],"product_brand":[],"product_cat":[251],"product_tag":[],"class_list":{"0":"post-1924","1":"product","2":"type-product","3":"status-publish","4":"has-post-thumbnail","6":"product_cat-plastica-canecas-copos-garrafas","8":"first","9":"instock","10":"shipping-taxable","11":"product-type-simple"},"_links":{"self":[{"href":"https:\/\/promoalge.com.br\/index.php?rest_route=\/wp\/v2\/product\/1924","targetHints":{"allow":["GET"]}}],"collection":[{"href":"https:\/\/promoalge.com.br\/index.php?rest_route=\/wp\/v2\/product"}],"about":[{"href":"https:\/\/promoalge.com.br\/index.php?rest_route=\/wp\/v2\/types\/product"}],"wp:featuredmedia":[{"embeddable":true,"href":"https:\/\/promoalge.com.br\/index.php?rest_route=\/wp\/v2\/media\/1925"}],"wp:attachment":[{"href":"https:\/\/promoalge.com.br\/index.php?rest_route=%2Fwp%2Fv2%2Fmedia&parent=1924"}],"wp:term":[{"taxonomy":"product_brand","embeddable":true,"href":"https:\/\/promoalge.com.br\/index.php?rest_route=%2Fwp%2Fv2%2Fproduct_brand&post=1924"},{"taxonomy":"product_cat","embeddable":true,"href":"https:\/\/promoalge.com.br\/index.php?rest_route=%2Fwp%2Fv2%2Fproduct_cat&post=1924"},{"taxonomy":"product_tag","embeddable":true,"href":"https:\/\/promoalge.com.br\/index.php?rest_route=%2Fwp%2Fv2%2Fproduct_tag&post=1924"}],"curies":[{"name":"wp","href":"https:\/\/api.w.org\/{rel}","templated":true}]}}