{"id":1937,"date":"2018-10-26T17:45:51","date_gmt":"2018-10-26T20:45:51","guid":{"rendered":"http:\/\/promoalge.com.br\/?post_type=product&#038;p=1937"},"modified":"2019-02-25T17:13:35","modified_gmt":"2019-02-25T20:13:35","slug":"suporte-para-celular-pr13888","status":"publish","type":"product","link":"https:\/\/promoalge.com.br\/?product=suporte-para-celular-pr13888","title":{"rendered":"Pop Socket Suporte para Celular &#8211; PR13888"},"content":{"rendered":"","protected":false},"excerpt":{"rendered":"<p>Suporte pl\u00e1stico para celular. Material pl\u00e1stico colorido, possui \u201cdisco\u201d anelar retr\u00e1til que ao pux\u00e1-lo abrir\u00e1 o encaixe para os dedos e possibilitar\u00e1 a rota\u00e7\u00e3o da pe\u00e7a. Base pl\u00e1stica para encaixe, pode ser colada no celular, paredes, vidros, ou onde desejar afim de que possa encaixar o suporte anelar. Suporte e base com adesivos, basta remover a prote\u00e7\u00e3o e colar no local desejado. Grava\u00e7\u00e3o serigrafia em 1 cor.<\/p>\n","protected":false},"featured_media":3196,"template":"","meta":[],"product_brand":[],"product_cat":[353,417],"product_tag":[],"class_list":{"0":"post-1937","1":"product","2":"type-product","3":"status-publish","4":"has-post-thumbnail","6":"product_cat-diversos","7":"product_cat-pendrive-tecnologia","9":"first","10":"instock","11":"shipping-taxable","12":"product-type-simple"},"_links":{"self":[{"href":"https:\/\/promoalge.com.br\/index.php?rest_route=\/wp\/v2\/product\/1937","targetHints":{"allow":["GET"]}}],"collection":[{"href":"https:\/\/promoalge.com.br\/index.php?rest_route=\/wp\/v2\/product"}],"about":[{"href":"https:\/\/promoalge.com.br\/index.php?rest_route=\/wp\/v2\/types\/product"}],"wp:featuredmedia":[{"embeddable":true,"href":"https:\/\/promoalge.com.br\/index.php?rest_route=\/wp\/v2\/media\/3196"}],"wp:attachment":[{"href":"https:\/\/promoalge.com.br\/index.php?rest_route=%2Fwp%2Fv2%2Fmedia&parent=1937"}],"wp:term":[{"taxonomy":"product_brand","embeddable":true,"href":"https:\/\/promoalge.com.br\/index.php?rest_route=%2Fwp%2Fv2%2Fproduct_brand&post=1937"},{"taxonomy":"product_cat","embeddable":true,"href":"https:\/\/promoalge.com.br\/index.php?rest_route=%2Fwp%2Fv2%2Fproduct_cat&post=1937"},{"taxonomy":"product_tag","embeddable":true,"href":"https:\/\/promoalge.com.br\/index.php?rest_route=%2Fwp%2Fv2%2Fproduct_tag&post=1937"}],"curies":[{"name":"wp","href":"https:\/\/api.w.org\/{rel}","templated":true}]}}