{"id":1942,"date":"2018-10-26T17:52:03","date_gmt":"2018-10-26T20:52:03","guid":{"rendered":"http:\/\/promoalge.com.br\/?post_type=product&#038;p=1942"},"modified":"2021-07-01T16:56:37","modified_gmt":"2021-07-01T19:56:37","slug":"guarda-chuva-pr99116","status":"publish","type":"product","link":"https:\/\/promoalge.com.br\/?product=guarda-chuva-pr99116","title":{"rendered":"Guarda Chuva &#8211; PR99116"},"content":{"rendered":"","protected":false},"excerpt":{"rendered":"<p>Guarda-chuva cobertura em poli\u00e9ster 190T, cabo com pega em madeira e abertura autom\u00e1tica, possui di\u00e2metro de \u00f81040 mm. Grava\u00e7\u00e3o serigrafia em 1 cor em 4 gomos.<\/p>\n<ul>\n<li>M\u00ednimo 50 pe\u00e7as.<\/li>\n<\/ul>\n","protected":false},"featured_media":1945,"template":"","meta":[],"product_brand":[],"product_cat":[353,414],"product_tag":[],"class_list":{"0":"post-1942","1":"product","2":"type-product","3":"status-publish","4":"has-post-thumbnail","6":"product_cat-diversos","7":"product_cat-praia-verao","9":"first","10":"instock","11":"shipping-taxable","12":"product-type-simple"},"_links":{"self":[{"href":"https:\/\/promoalge.com.br\/index.php?rest_route=\/wp\/v2\/product\/1942","targetHints":{"allow":["GET"]}}],"collection":[{"href":"https:\/\/promoalge.com.br\/index.php?rest_route=\/wp\/v2\/product"}],"about":[{"href":"https:\/\/promoalge.com.br\/index.php?rest_route=\/wp\/v2\/types\/product"}],"wp:featuredmedia":[{"embeddable":true,"href":"https:\/\/promoalge.com.br\/index.php?rest_route=\/wp\/v2\/media\/1945"}],"wp:attachment":[{"href":"https:\/\/promoalge.com.br\/index.php?rest_route=%2Fwp%2Fv2%2Fmedia&parent=1942"}],"wp:term":[{"taxonomy":"product_brand","embeddable":true,"href":"https:\/\/promoalge.com.br\/index.php?rest_route=%2Fwp%2Fv2%2Fproduct_brand&post=1942"},{"taxonomy":"product_cat","embeddable":true,"href":"https:\/\/promoalge.com.br\/index.php?rest_route=%2Fwp%2Fv2%2Fproduct_cat&post=1942"},{"taxonomy":"product_tag","embeddable":true,"href":"https:\/\/promoalge.com.br\/index.php?rest_route=%2Fwp%2Fv2%2Fproduct_tag&post=1942"}],"curies":[{"name":"wp","href":"https:\/\/api.w.org\/{rel}","templated":true}]}}