{"id":1978,"date":"2018-10-26T18:06:24","date_gmt":"2018-10-26T21:06:24","guid":{"rendered":"http:\/\/promoalge.com.br\/?post_type=product&#038;p=1978"},"modified":"2018-11-16T13:53:24","modified_gmt":"2018-11-16T16:53:24","slug":"caneta-metalica-touch-pr81126","status":"publish","type":"product","link":"https:\/\/promoalge.com.br\/?product=caneta-metalica-touch-pr81126","title":{"rendered":"Caneta Met\u00e1lica  &#8211; PR81126"},"content":{"rendered":"","protected":false},"excerpt":{"rendered":"<p>Caneta Esferogr\u00e1fica com corpo em alum\u00ednio, e clipe flex\u00edvel. 1,5km de escrita, Grava\u00e7\u00e3o a laser.<\/p>\n","protected":false},"featured_media":1979,"template":"","meta":[],"product_brand":[],"product_cat":[346],"product_tag":[],"class_list":{"0":"post-1978","1":"product","2":"type-product","3":"status-publish","4":"has-post-thumbnail","6":"product_cat-canetas-metalicas","8":"first","9":"instock","10":"shipping-taxable","11":"product-type-simple"},"_links":{"self":[{"href":"https:\/\/promoalge.com.br\/index.php?rest_route=\/wp\/v2\/product\/1978","targetHints":{"allow":["GET"]}}],"collection":[{"href":"https:\/\/promoalge.com.br\/index.php?rest_route=\/wp\/v2\/product"}],"about":[{"href":"https:\/\/promoalge.com.br\/index.php?rest_route=\/wp\/v2\/types\/product"}],"wp:featuredmedia":[{"embeddable":true,"href":"https:\/\/promoalge.com.br\/index.php?rest_route=\/wp\/v2\/media\/1979"}],"wp:attachment":[{"href":"https:\/\/promoalge.com.br\/index.php?rest_route=%2Fwp%2Fv2%2Fmedia&parent=1978"}],"wp:term":[{"taxonomy":"product_brand","embeddable":true,"href":"https:\/\/promoalge.com.br\/index.php?rest_route=%2Fwp%2Fv2%2Fproduct_brand&post=1978"},{"taxonomy":"product_cat","embeddable":true,"href":"https:\/\/promoalge.com.br\/index.php?rest_route=%2Fwp%2Fv2%2Fproduct_cat&post=1978"},{"taxonomy":"product_tag","embeddable":true,"href":"https:\/\/promoalge.com.br\/index.php?rest_route=%2Fwp%2Fv2%2Fproduct_tag&post=1978"}],"curies":[{"name":"wp","href":"https:\/\/api.w.org\/{rel}","templated":true}]}}