{"id":200,"date":"2018-06-14T17:07:22","date_gmt":"2018-06-14T20:07:22","guid":{"rendered":"http:\/\/promoalge.com.br\/?product=import-placeholder-for-3739"},"modified":"2018-10-18T14:45:55","modified_gmt":"2018-10-18T17:45:55","slug":"caneta-plastica-com-touch-pr197","status":"publish","type":"product","link":"https:\/\/promoalge.com.br\/?product=caneta-plastica-com-touch-pr197","title":{"rendered":"Caneta Pl\u00e1stica com Touch &#8211; PR197"},"content":{"rendered":"<p>&nbsp;<\/p>\n<div id='gallery-1' class='gallery galleryid-200 gallery-columns-3 gallery-size-thumbnail'><figure class='gallery-item'>\n\t\t\t<div class='gallery-icon portrait'>\n\t\t\t\t<a href='https:\/\/promoalge.com.br\/?attachment_id=3742'><img loading=\"lazy\" decoding=\"async\" width=\"150\" height=\"150\" src=\"https:\/\/promoalge.com.br\/wp-content\/uploads\/2019\/06\/Copo-London-1-150x150.jpg\" class=\"attachment-thumbnail size-thumbnail\" alt=\"\" srcset=\"https:\/\/promoalge.com.br\/wp-content\/uploads\/2019\/06\/Copo-London-1-150x150.jpg 150w, https:\/\/promoalge.com.br\/wp-content\/uploads\/2019\/06\/Copo-London-1-300x300.jpg 300w, https:\/\/promoalge.com.br\/wp-content\/uploads\/2019\/06\/Copo-London-1-100x100.jpg 100w\" sizes=\"auto, (max-width: 150px) 100vw, 150px\" \/><\/a>\n\t\t\t<\/div><\/figure><figure class='gallery-item'>\n\t\t\t<div class='gallery-icon landscape'>\n\t\t\t\t<a href='https:\/\/promoalge.com.br\/?attachment_id=3741'><img loading=\"lazy\" decoding=\"async\" width=\"150\" height=\"150\" src=\"https:\/\/promoalge.com.br\/wp-content\/uploads\/2019\/06\/Copo-London-3-150x150.jpg\" class=\"attachment-thumbnail size-thumbnail\" alt=\"\" srcset=\"https:\/\/promoalge.com.br\/wp-content\/uploads\/2019\/06\/Copo-London-3-150x150.jpg 150w, https:\/\/promoalge.com.br\/wp-content\/uploads\/2019\/06\/Copo-London-3-300x300.jpg 300w, https:\/\/promoalge.com.br\/wp-content\/uploads\/2019\/06\/Copo-London-3-768x768.jpg 768w, https:\/\/promoalge.com.br\/wp-content\/uploads\/2019\/06\/Copo-London-3-1024x1024.jpg 1024w, https:\/\/promoalge.com.br\/wp-content\/uploads\/2019\/06\/Copo-London-3-600x600.jpg 600w, https:\/\/promoalge.com.br\/wp-content\/uploads\/2019\/06\/Copo-London-3-100x100.jpg 100w, https:\/\/promoalge.com.br\/wp-content\/uploads\/2019\/06\/Copo-London-3.jpg 2000w\" sizes=\"auto, (max-width: 150px) 100vw, 150px\" \/><\/a>\n\t\t\t<\/div><\/figure>\n\t\t<\/div>\n\n<p>Caneta pl\u00e1stica touch inteira colorida com detalhes em prata. Possui tampa e clip de metal, an\u00e9is: superior, central e inferior em prata. Para utilizar esferogr\u00e1fica basta tirar a tampa, touch fica do lado oposto.\u00a0Grava\u00e7\u00e3o serigrafia.<\/p>\n","protected":false},"excerpt":{"rendered":"<p>Caneta pl\u00e1stica touch inteira colorida com detalhes em prata. Possui tampa e clip de metal, an\u00e9is: superior, central e inferior em prata. Para utilizar esferogr\u00e1fica basta tirar a tampa, touch fica do lado oposto.\u00a0Grava\u00e7\u00e3o serigrafia.<\/p>\n","protected":false},"featured_media":260,"template":"","meta":[],"product_brand":[],"product_cat":[18],"product_tag":[],"class_list":{"0":"post-200","1":"product","2":"type-product","3":"status-publish","4":"has-post-thumbnail","6":"product_cat-canetas-plastica","8":"first","9":"instock","10":"shipping-taxable","11":"product-type-simple"},"_links":{"self":[{"href":"https:\/\/promoalge.com.br\/index.php?rest_route=\/wp\/v2\/product\/200","targetHints":{"allow":["GET"]}}],"collection":[{"href":"https:\/\/promoalge.com.br\/index.php?rest_route=\/wp\/v2\/product"}],"about":[{"href":"https:\/\/promoalge.com.br\/index.php?rest_route=\/wp\/v2\/types\/product"}],"wp:featuredmedia":[{"embeddable":true,"href":"https:\/\/promoalge.com.br\/index.php?rest_route=\/wp\/v2\/media\/260"}],"wp:attachment":[{"href":"https:\/\/promoalge.com.br\/index.php?rest_route=%2Fwp%2Fv2%2Fmedia&parent=200"}],"wp:term":[{"taxonomy":"product_brand","embeddable":true,"href":"https:\/\/promoalge.com.br\/index.php?rest_route=%2Fwp%2Fv2%2Fproduct_brand&post=200"},{"taxonomy":"product_cat","embeddable":true,"href":"https:\/\/promoalge.com.br\/index.php?rest_route=%2Fwp%2Fv2%2Fproduct_cat&post=200"},{"taxonomy":"product_tag","embeddable":true,"href":"https:\/\/promoalge.com.br\/index.php?rest_route=%2Fwp%2Fv2%2Fproduct_tag&post=200"}],"curies":[{"name":"wp","href":"https:\/\/api.w.org\/{rel}","templated":true}]}}