{"id":2014,"date":"2018-11-01T16:00:14","date_gmt":"2018-11-01T19:00:14","guid":{"rendered":"http:\/\/promoalge.com.br\/?post_type=product&#038;p=2014"},"modified":"2025-08-12T16:57:28","modified_gmt":"2025-08-12T19:57:28","slug":"mochila-sacola-pr92910","status":"publish","type":"product","link":"https:\/\/promoalge.com.br\/?product=mochila-sacola-pr92910","title":{"rendered":"Mochila Sacola em Nylon &#8211; PR92910"},"content":{"rendered":"","protected":false},"excerpt":{"rendered":"<p>Mochila Sacola tipo mochila em nylon com cord\u00e3o, medidas 350 x 410 mm. Grava\u00e7\u00e3o serigrafia.<\/p>\n","protected":false},"featured_media":2027,"template":"","meta":[],"product_brand":[],"product_cat":[79,410],"product_tag":[],"class_list":{"0":"post-2014","1":"product","2":"type-product","3":"status-publish","4":"has-post-thumbnail","6":"product_cat-bolsas-mochilas","7":"product_cat-eventos-pastas-pvc","9":"first","10":"instock","11":"shipping-taxable","12":"product-type-simple"},"_links":{"self":[{"href":"https:\/\/promoalge.com.br\/index.php?rest_route=\/wp\/v2\/product\/2014","targetHints":{"allow":["GET"]}}],"collection":[{"href":"https:\/\/promoalge.com.br\/index.php?rest_route=\/wp\/v2\/product"}],"about":[{"href":"https:\/\/promoalge.com.br\/index.php?rest_route=\/wp\/v2\/types\/product"}],"wp:featuredmedia":[{"embeddable":true,"href":"https:\/\/promoalge.com.br\/index.php?rest_route=\/wp\/v2\/media\/2027"}],"wp:attachment":[{"href":"https:\/\/promoalge.com.br\/index.php?rest_route=%2Fwp%2Fv2%2Fmedia&parent=2014"}],"wp:term":[{"taxonomy":"product_brand","embeddable":true,"href":"https:\/\/promoalge.com.br\/index.php?rest_route=%2Fwp%2Fv2%2Fproduct_brand&post=2014"},{"taxonomy":"product_cat","embeddable":true,"href":"https:\/\/promoalge.com.br\/index.php?rest_route=%2Fwp%2Fv2%2Fproduct_cat&post=2014"},{"taxonomy":"product_tag","embeddable":true,"href":"https:\/\/promoalge.com.br\/index.php?rest_route=%2Fwp%2Fv2%2Fproduct_tag&post=2014"}],"curies":[{"name":"wp","href":"https:\/\/api.w.org\/{rel}","templated":true}]}}