{"id":202,"date":"2018-06-14T17:07:22","date_gmt":"2018-06-14T20:07:22","guid":{"rendered":"http:\/\/promoalge.com.br\/?product=import-placeholder-for-3744"},"modified":"2018-10-18T14:45:44","modified_gmt":"2018-10-18T17:45:44","slug":"caneta-plastica-com-touch-pr638","status":"publish","type":"product","link":"https:\/\/promoalge.com.br\/?product=caneta-plastica-com-touch-pr638","title":{"rendered":"Caneta Pl\u00e1stica com Touch &#8211; PR638"},"content":{"rendered":"<p>Caneta pl\u00e1stica com ponteira touch, inteira colorida com detalhes prata. Aciona por clique, ponteira sai atrav\u00e9s da borracha touch.\u00a0Grava\u00e7\u00e3o serigrafia.<\/p>\n","protected":false},"excerpt":{"rendered":"<p>Caneta pl\u00e1stica com ponteira touch, inteira colorida com detalhes prata. Aciona por clique, ponteira sai atrav\u00e9s da borracha touch.\u00a0Grava\u00e7\u00e3o serigrafia.<\/p>\n","protected":false},"featured_media":262,"template":"","meta":[],"product_brand":[],"product_cat":[18],"product_tag":[],"class_list":{"0":"post-202","1":"product","2":"type-product","3":"status-publish","4":"has-post-thumbnail","6":"product_cat-canetas-plastica","8":"first","9":"instock","10":"shipping-taxable","11":"product-type-simple"},"_links":{"self":[{"href":"https:\/\/promoalge.com.br\/index.php?rest_route=\/wp\/v2\/product\/202","targetHints":{"allow":["GET"]}}],"collection":[{"href":"https:\/\/promoalge.com.br\/index.php?rest_route=\/wp\/v2\/product"}],"about":[{"href":"https:\/\/promoalge.com.br\/index.php?rest_route=\/wp\/v2\/types\/product"}],"wp:featuredmedia":[{"embeddable":true,"href":"https:\/\/promoalge.com.br\/index.php?rest_route=\/wp\/v2\/media\/262"}],"wp:attachment":[{"href":"https:\/\/promoalge.com.br\/index.php?rest_route=%2Fwp%2Fv2%2Fmedia&parent=202"}],"wp:term":[{"taxonomy":"product_brand","embeddable":true,"href":"https:\/\/promoalge.com.br\/index.php?rest_route=%2Fwp%2Fv2%2Fproduct_brand&post=202"},{"taxonomy":"product_cat","embeddable":true,"href":"https:\/\/promoalge.com.br\/index.php?rest_route=%2Fwp%2Fv2%2Fproduct_cat&post=202"},{"taxonomy":"product_tag","embeddable":true,"href":"https:\/\/promoalge.com.br\/index.php?rest_route=%2Fwp%2Fv2%2Fproduct_tag&post=202"}],"curies":[{"name":"wp","href":"https:\/\/api.w.org\/{rel}","templated":true}]}}