{"id":2029,"date":"2018-11-07T08:32:05","date_gmt":"2018-11-07T11:32:05","guid":{"rendered":"http:\/\/promoalge.com.br\/?post_type=product&#038;p=2029"},"modified":"2018-11-07T08:38:30","modified_gmt":"2018-11-07T11:38:30","slug":"bolsa-esportiva-pr92516","status":"publish","type":"product","link":"https:\/\/promoalge.com.br\/?product=bolsa-esportiva-pr92516","title":{"rendered":"Bolsa Esportiva &#8211; PR92516"},"content":{"rendered":"","protected":false},"excerpt":{"rendered":"<p>Bolsa esportiva produzida em poli\u00e9ster 840D jacquard e poli\u00e9ster 300D, interior forrado, bolsos frontais e fundo com placa semi-r\u00edgida. Al\u00e7a de ombro ajust\u00e1vel, com refor\u00e7o almofadado, medidas 520 x 300 x 220 mm. Grava\u00e7\u00e3o serigrafia em 1 cor.<\/p>\n","protected":false},"featured_media":2033,"template":"","meta":[],"product_brand":[],"product_cat":[79],"product_tag":[],"class_list":{"0":"post-2029","1":"product","2":"type-product","3":"status-publish","4":"has-post-thumbnail","6":"product_cat-bolsas-mochilas","8":"first","9":"instock","10":"shipping-taxable","11":"product-type-simple"},"_links":{"self":[{"href":"https:\/\/promoalge.com.br\/index.php?rest_route=\/wp\/v2\/product\/2029","targetHints":{"allow":["GET"]}}],"collection":[{"href":"https:\/\/promoalge.com.br\/index.php?rest_route=\/wp\/v2\/product"}],"about":[{"href":"https:\/\/promoalge.com.br\/index.php?rest_route=\/wp\/v2\/types\/product"}],"wp:featuredmedia":[{"embeddable":true,"href":"https:\/\/promoalge.com.br\/index.php?rest_route=\/wp\/v2\/media\/2033"}],"wp:attachment":[{"href":"https:\/\/promoalge.com.br\/index.php?rest_route=%2Fwp%2Fv2%2Fmedia&parent=2029"}],"wp:term":[{"taxonomy":"product_brand","embeddable":true,"href":"https:\/\/promoalge.com.br\/index.php?rest_route=%2Fwp%2Fv2%2Fproduct_brand&post=2029"},{"taxonomy":"product_cat","embeddable":true,"href":"https:\/\/promoalge.com.br\/index.php?rest_route=%2Fwp%2Fv2%2Fproduct_cat&post=2029"},{"taxonomy":"product_tag","embeddable":true,"href":"https:\/\/promoalge.com.br\/index.php?rest_route=%2Fwp%2Fv2%2Fproduct_tag&post=2029"}],"curies":[{"name":"wp","href":"https:\/\/api.w.org\/{rel}","templated":true}]}}