{"id":2048,"date":"2018-11-07T09:07:18","date_gmt":"2018-11-07T12:07:18","guid":{"rendered":"http:\/\/promoalge.com.br\/?post_type=product&#038;p=2048"},"modified":"2018-11-07T09:07:18","modified_gmt":"2018-11-07T12:07:18","slug":"bolsa-esportiva-ma09301","status":"publish","type":"product","link":"https:\/\/promoalge.com.br\/?product=bolsa-esportiva-ma09301","title":{"rendered":"Bolsa Esportiva &#8211; MA09301"},"content":{"rendered":"","protected":false},"excerpt":{"rendered":"<p>Bolsa \/ Mala Esportiva preta em Nylon e Polyester 300D. Conta com al\u00e7a de ombro ajust\u00e1vel, al\u00e7a de m\u00e3o, cinco divis\u00f5es com z\u00edper, sendo, dois laterais, dois frontais e um superior. Capacidade: 50 litros.Dimens\u00f5es: 68x33x28cm. Grava\u00e7\u00e3o silk emborrachado em 1 cor.<\/p>\n","protected":false},"featured_media":2049,"template":"","meta":[],"product_brand":[],"product_cat":[79],"product_tag":[],"class_list":{"0":"post-2048","1":"product","2":"type-product","3":"status-publish","4":"has-post-thumbnail","6":"product_cat-bolsas-mochilas","8":"first","9":"instock","10":"shipping-taxable","11":"product-type-simple"},"_links":{"self":[{"href":"https:\/\/promoalge.com.br\/index.php?rest_route=\/wp\/v2\/product\/2048","targetHints":{"allow":["GET"]}}],"collection":[{"href":"https:\/\/promoalge.com.br\/index.php?rest_route=\/wp\/v2\/product"}],"about":[{"href":"https:\/\/promoalge.com.br\/index.php?rest_route=\/wp\/v2\/types\/product"}],"wp:featuredmedia":[{"embeddable":true,"href":"https:\/\/promoalge.com.br\/index.php?rest_route=\/wp\/v2\/media\/2049"}],"wp:attachment":[{"href":"https:\/\/promoalge.com.br\/index.php?rest_route=%2Fwp%2Fv2%2Fmedia&parent=2048"}],"wp:term":[{"taxonomy":"product_brand","embeddable":true,"href":"https:\/\/promoalge.com.br\/index.php?rest_route=%2Fwp%2Fv2%2Fproduct_brand&post=2048"},{"taxonomy":"product_cat","embeddable":true,"href":"https:\/\/promoalge.com.br\/index.php?rest_route=%2Fwp%2Fv2%2Fproduct_cat&post=2048"},{"taxonomy":"product_tag","embeddable":true,"href":"https:\/\/promoalge.com.br\/index.php?rest_route=%2Fwp%2Fv2%2Fproduct_tag&post=2048"}],"curies":[{"name":"wp","href":"https:\/\/api.w.org\/{rel}","templated":true}]}}