{"id":2053,"date":"2018-11-07T10:00:35","date_gmt":"2018-11-07T13:00:35","guid":{"rendered":"http:\/\/promoalge.com.br\/?post_type=product&#038;p=2053"},"modified":"2025-08-12T16:57:24","modified_gmt":"2025-08-12T19:57:24","slug":"kit-churrasco-pr3135","status":"publish","type":"product","link":"https:\/\/promoalge.com.br\/?product=kit-churrasco-pr3135","title":{"rendered":"Kit Churrasco &#8211; PR3135"},"content":{"rendered":"","protected":false},"excerpt":{"rendered":"<p> Kit para Churrasco 8 pe\u00e7as com cabo em madeira, laminas em a\u00e7o Inox e avental. Acompanha t\u00e1bua  com canaleta, 3 facas de corte e uma faca de serra cabo, chaira, garfo, e avental com bolso na cor prata. Acomodados em uma maleta em nylon preta, fechamento com z\u00edper . Rebites em A\u00e7o Inox, um dos mais resistentes \u00e0 ferrugem e corros\u00e3o. Grava\u00e7\u00e3o a laser na l\u00e2mina das facas, e silk em 1 cor no estojo.<\/p>\n","protected":false},"featured_media":5073,"template":"","meta":[],"product_brand":[],"product_cat":[412],"product_tag":[],"class_list":{"0":"post-2053","1":"product","2":"type-product","3":"status-publish","4":"has-post-thumbnail","6":"product_cat-kits-churrasco","8":"first","9":"instock","10":"shipping-taxable","11":"product-type-simple"},"_links":{"self":[{"href":"https:\/\/promoalge.com.br\/index.php?rest_route=\/wp\/v2\/product\/2053","targetHints":{"allow":["GET"]}}],"collection":[{"href":"https:\/\/promoalge.com.br\/index.php?rest_route=\/wp\/v2\/product"}],"about":[{"href":"https:\/\/promoalge.com.br\/index.php?rest_route=\/wp\/v2\/types\/product"}],"wp:featuredmedia":[{"embeddable":true,"href":"https:\/\/promoalge.com.br\/index.php?rest_route=\/wp\/v2\/media\/5073"}],"wp:attachment":[{"href":"https:\/\/promoalge.com.br\/index.php?rest_route=%2Fwp%2Fv2%2Fmedia&parent=2053"}],"wp:term":[{"taxonomy":"product_brand","embeddable":true,"href":"https:\/\/promoalge.com.br\/index.php?rest_route=%2Fwp%2Fv2%2Fproduct_brand&post=2053"},{"taxonomy":"product_cat","embeddable":true,"href":"https:\/\/promoalge.com.br\/index.php?rest_route=%2Fwp%2Fv2%2Fproduct_cat&post=2053"},{"taxonomy":"product_tag","embeddable":true,"href":"https:\/\/promoalge.com.br\/index.php?rest_route=%2Fwp%2Fv2%2Fproduct_tag&post=2053"}],"curies":[{"name":"wp","href":"https:\/\/api.w.org\/{rel}","templated":true}]}}