{"id":2059,"date":"2018-11-07T10:04:21","date_gmt":"2018-11-07T13:04:21","guid":{"rendered":"http:\/\/promoalge.com.br\/?post_type=product&#038;p=2059"},"modified":"2025-08-12T16:57:21","modified_gmt":"2025-08-12T19:57:21","slug":"kit-churrasco-pr3035","status":"publish","type":"product","link":"https:\/\/promoalge.com.br\/?product=kit-churrasco-pr3035","title":{"rendered":"Kit Churrasco &#8211; PR3035"},"content":{"rendered":"","protected":false},"excerpt":{"rendered":"<p>Kit churrasco 2 pe\u00e7as em estojo de nylon com al\u00e7a, Possui: faca e garfo de madeira, acompanha prote\u00e7\u00f5es pl\u00e1sticas e parte interna com velcro para guardar as pe\u00e7as.<\/p>\n<p>Estojo &#8211; comprimento: 36 cm<\/p>\n<p>Estojo &#8211; largura: 9,8 cm<\/p>\n<p>Faca &#8211; comprimento: 33 cm<\/p>\n<p>Faca- largura: 3,7 cm<\/p>\n<p>Garfo &#8211; comprimento: 33 cm<\/p>\n<p>Garfo &#8211; largura: 2,6 cm<\/p>\n<p>Peso: 271 g<\/p>\n<p>Grava\u00e7\u00e3o serigrafia em 1 cor no estojo e laser na l\u00e2mina da faca.<\/p>\n<ul>\n<li>M\u00ednimo 50 unidades.<\/li>\n<\/ul>\n","protected":false},"featured_media":2060,"template":"","meta":[],"product_brand":[],"product_cat":[412],"product_tag":[],"class_list":{"0":"post-2059","1":"product","2":"type-product","3":"status-publish","4":"has-post-thumbnail","6":"product_cat-kits-churrasco","8":"first","9":"instock","10":"shipping-taxable","11":"product-type-simple"},"_links":{"self":[{"href":"https:\/\/promoalge.com.br\/index.php?rest_route=\/wp\/v2\/product\/2059","targetHints":{"allow":["GET"]}}],"collection":[{"href":"https:\/\/promoalge.com.br\/index.php?rest_route=\/wp\/v2\/product"}],"about":[{"href":"https:\/\/promoalge.com.br\/index.php?rest_route=\/wp\/v2\/types\/product"}],"wp:featuredmedia":[{"embeddable":true,"href":"https:\/\/promoalge.com.br\/index.php?rest_route=\/wp\/v2\/media\/2060"}],"wp:attachment":[{"href":"https:\/\/promoalge.com.br\/index.php?rest_route=%2Fwp%2Fv2%2Fmedia&parent=2059"}],"wp:term":[{"taxonomy":"product_brand","embeddable":true,"href":"https:\/\/promoalge.com.br\/index.php?rest_route=%2Fwp%2Fv2%2Fproduct_brand&post=2059"},{"taxonomy":"product_cat","embeddable":true,"href":"https:\/\/promoalge.com.br\/index.php?rest_route=%2Fwp%2Fv2%2Fproduct_cat&post=2059"},{"taxonomy":"product_tag","embeddable":true,"href":"https:\/\/promoalge.com.br\/index.php?rest_route=%2Fwp%2Fv2%2Fproduct_tag&post=2059"}],"curies":[{"name":"wp","href":"https:\/\/api.w.org\/{rel}","templated":true}]}}