{"id":2064,"date":"2018-11-07T10:07:39","date_gmt":"2018-11-07T13:07:39","guid":{"rendered":"http:\/\/promoalge.com.br\/?post_type=product&#038;p=2064"},"modified":"2025-08-12T16:57:18","modified_gmt":"2025-08-12T19:57:18","slug":"kit-churrasco-mb19063","status":"publish","type":"product","link":"https:\/\/promoalge.com.br\/?product=kit-churrasco-mb19063","title":{"rendered":"Kit Churrasco &#8211; MB19063"},"content":{"rendered":"","protected":false},"excerpt":{"rendered":"<p>Acompanha t\u00e1bua em Bambu com sulco, faca 7&#8221; e garfo em Bambu\/Inox.T\u00e1bua confeccionada com tripla camada invertida, para dar maior durabilidade e n\u00e3o deformar com o passar do tempo.Dimens\u00f5es da t\u00e1bua: 32&#215;20,5&#215;1,5cm. Grava\u00e7\u00e3o a laser na lamina da faca e tabua.<\/p>\n","protected":false},"featured_media":2067,"template":"","meta":[],"product_brand":[],"product_cat":[412],"product_tag":[],"class_list":{"0":"post-2064","1":"product","2":"type-product","3":"status-publish","4":"has-post-thumbnail","6":"product_cat-kits-churrasco","8":"first","9":"instock","10":"shipping-taxable","11":"product-type-simple"},"_links":{"self":[{"href":"https:\/\/promoalge.com.br\/index.php?rest_route=\/wp\/v2\/product\/2064","targetHints":{"allow":["GET"]}}],"collection":[{"href":"https:\/\/promoalge.com.br\/index.php?rest_route=\/wp\/v2\/product"}],"about":[{"href":"https:\/\/promoalge.com.br\/index.php?rest_route=\/wp\/v2\/types\/product"}],"wp:featuredmedia":[{"embeddable":true,"href":"https:\/\/promoalge.com.br\/index.php?rest_route=\/wp\/v2\/media\/2067"}],"wp:attachment":[{"href":"https:\/\/promoalge.com.br\/index.php?rest_route=%2Fwp%2Fv2%2Fmedia&parent=2064"}],"wp:term":[{"taxonomy":"product_brand","embeddable":true,"href":"https:\/\/promoalge.com.br\/index.php?rest_route=%2Fwp%2Fv2%2Fproduct_brand&post=2064"},{"taxonomy":"product_cat","embeddable":true,"href":"https:\/\/promoalge.com.br\/index.php?rest_route=%2Fwp%2Fv2%2Fproduct_cat&post=2064"},{"taxonomy":"product_tag","embeddable":true,"href":"https:\/\/promoalge.com.br\/index.php?rest_route=%2Fwp%2Fv2%2Fproduct_tag&post=2064"}],"curies":[{"name":"wp","href":"https:\/\/api.w.org\/{rel}","templated":true}]}}