{"id":2068,"date":"2018-11-07T10:12:14","date_gmt":"2018-11-07T13:12:14","guid":{"rendered":"http:\/\/promoalge.com.br\/?post_type=product&#038;p=2068"},"modified":"2018-11-07T10:12:14","modified_gmt":"2018-11-07T13:12:14","slug":"kit-churrasco-me19163","status":"publish","type":"product","link":"https:\/\/promoalge.com.br\/?product=kit-churrasco-me19163","title":{"rendered":"Kit Churrasco &#8211; ME19163"},"content":{"rendered":"","protected":false},"excerpt":{"rendered":"<p>Acompanha avental em Brim, t\u00e1bua em Bambu com sulco, faca 7&#8221; e garfo em Bambu\/Inox.Uma grava\u00e7\u00e3o a Laser na t\u00e1bua e na l\u00e2mina da faca e em Silk screen no avental. Como cortesia, na faca 7&#8243; fazemos uma grava\u00e7\u00e3o com os cortes do boi.<\/p>\n","protected":false},"featured_media":2069,"template":"","meta":[],"product_brand":[],"product_cat":[412],"product_tag":[],"class_list":{"0":"post-2068","1":"product","2":"type-product","3":"status-publish","4":"has-post-thumbnail","6":"product_cat-kits-churrasco","8":"first","9":"instock","10":"shipping-taxable","11":"product-type-simple"},"_links":{"self":[{"href":"https:\/\/promoalge.com.br\/index.php?rest_route=\/wp\/v2\/product\/2068","targetHints":{"allow":["GET"]}}],"collection":[{"href":"https:\/\/promoalge.com.br\/index.php?rest_route=\/wp\/v2\/product"}],"about":[{"href":"https:\/\/promoalge.com.br\/index.php?rest_route=\/wp\/v2\/types\/product"}],"wp:featuredmedia":[{"embeddable":true,"href":"https:\/\/promoalge.com.br\/index.php?rest_route=\/wp\/v2\/media\/2069"}],"wp:attachment":[{"href":"https:\/\/promoalge.com.br\/index.php?rest_route=%2Fwp%2Fv2%2Fmedia&parent=2068"}],"wp:term":[{"taxonomy":"product_brand","embeddable":true,"href":"https:\/\/promoalge.com.br\/index.php?rest_route=%2Fwp%2Fv2%2Fproduct_brand&post=2068"},{"taxonomy":"product_cat","embeddable":true,"href":"https:\/\/promoalge.com.br\/index.php?rest_route=%2Fwp%2Fv2%2Fproduct_cat&post=2068"},{"taxonomy":"product_tag","embeddable":true,"href":"https:\/\/promoalge.com.br\/index.php?rest_route=%2Fwp%2Fv2%2Fproduct_tag&post=2068"}],"curies":[{"name":"wp","href":"https:\/\/api.w.org\/{rel}","templated":true}]}}