{"id":2082,"date":"2018-11-12T07:59:43","date_gmt":"2018-11-12T10:59:43","guid":{"rendered":"http:\/\/promoalge.com.br\/?post_type=product&#038;p=2082"},"modified":"2025-08-12T16:57:14","modified_gmt":"2025-08-12T19:57:14","slug":"bolsa-esportiva-dobravel-pr92568","status":"publish","type":"product","link":"https:\/\/promoalge.com.br\/?product=bolsa-esportiva-dobravel-pr92568","title":{"rendered":"Bolsa Esportiva Dobr\u00e1vel &#8211; PR92568"},"content":{"rendered":"","protected":false},"excerpt":{"rendered":"<p>Bolsa \/ Sacola esportiva com al\u00e7as, dobr\u00e1vel  produzida em  210D ripstop, com bolso frontal, fornecida desdobrada. \u00f8240 x 410 mm | Dobrada: 160 x 160 mm. Grava\u00e7\u00e3o serigrafia em 1 cor.<\/p>\n","protected":false},"featured_media":2089,"template":"","meta":[],"product_brand":[],"product_cat":[79],"product_tag":[],"class_list":{"0":"post-2082","1":"product","2":"type-product","3":"status-publish","4":"has-post-thumbnail","6":"product_cat-bolsas-mochilas","8":"first","9":"instock","10":"shipping-taxable","11":"product-type-simple"},"_links":{"self":[{"href":"https:\/\/promoalge.com.br\/index.php?rest_route=\/wp\/v2\/product\/2082","targetHints":{"allow":["GET"]}}],"collection":[{"href":"https:\/\/promoalge.com.br\/index.php?rest_route=\/wp\/v2\/product"}],"about":[{"href":"https:\/\/promoalge.com.br\/index.php?rest_route=\/wp\/v2\/types\/product"}],"wp:featuredmedia":[{"embeddable":true,"href":"https:\/\/promoalge.com.br\/index.php?rest_route=\/wp\/v2\/media\/2089"}],"wp:attachment":[{"href":"https:\/\/promoalge.com.br\/index.php?rest_route=%2Fwp%2Fv2%2Fmedia&parent=2082"}],"wp:term":[{"taxonomy":"product_brand","embeddable":true,"href":"https:\/\/promoalge.com.br\/index.php?rest_route=%2Fwp%2Fv2%2Fproduct_brand&post=2082"},{"taxonomy":"product_cat","embeddable":true,"href":"https:\/\/promoalge.com.br\/index.php?rest_route=%2Fwp%2Fv2%2Fproduct_cat&post=2082"},{"taxonomy":"product_tag","embeddable":true,"href":"https:\/\/promoalge.com.br\/index.php?rest_route=%2Fwp%2Fv2%2Fproduct_tag&post=2082"}],"curies":[{"name":"wp","href":"https:\/\/api.w.org\/{rel}","templated":true}]}}