{"id":2090,"date":"2018-11-12T08:05:29","date_gmt":"2018-11-12T11:05:29","guid":{"rendered":"http:\/\/promoalge.com.br\/?post_type=product&#038;p=2090"},"modified":"2020-08-27T18:05:02","modified_gmt":"2020-08-27T21:05:02","slug":"bolsa-termica-dobravel-23-litros-prbt1015","status":"publish","type":"product","link":"https:\/\/promoalge.com.br\/?product=bolsa-termica-dobravel-23-litros-prbt1015","title":{"rendered":"Bolsa T\u00e9rmica Dobr\u00e1vel 23 Litros &#8211; PRBT1015"},"content":{"rendered":"","protected":false},"excerpt":{"rendered":"<p>Bolsa t\u00e9rmica capacidade 23 litros, com tampa termo moldada com compartimento para copos, e bebidas, revestimento interno BAGUM e corpo produzido em OXFORD. Impress\u00e3o em policromia na bolsa. Dimens\u00f5es: 24 cm profundidade X 30 cm comprimento X 37 cm largura.<\/p>\n","protected":false},"featured_media":2097,"template":"","meta":[],"product_brand":[],"product_cat":[79,414],"product_tag":[],"class_list":{"0":"post-2090","1":"product","2":"type-product","3":"status-publish","4":"has-post-thumbnail","6":"product_cat-bolsas-mochilas","7":"product_cat-praia-verao","9":"first","10":"instock","11":"shipping-taxable","12":"product-type-simple"},"_links":{"self":[{"href":"https:\/\/promoalge.com.br\/index.php?rest_route=\/wp\/v2\/product\/2090","targetHints":{"allow":["GET"]}}],"collection":[{"href":"https:\/\/promoalge.com.br\/index.php?rest_route=\/wp\/v2\/product"}],"about":[{"href":"https:\/\/promoalge.com.br\/index.php?rest_route=\/wp\/v2\/types\/product"}],"wp:featuredmedia":[{"embeddable":true,"href":"https:\/\/promoalge.com.br\/index.php?rest_route=\/wp\/v2\/media\/2097"}],"wp:attachment":[{"href":"https:\/\/promoalge.com.br\/index.php?rest_route=%2Fwp%2Fv2%2Fmedia&parent=2090"}],"wp:term":[{"taxonomy":"product_brand","embeddable":true,"href":"https:\/\/promoalge.com.br\/index.php?rest_route=%2Fwp%2Fv2%2Fproduct_brand&post=2090"},{"taxonomy":"product_cat","embeddable":true,"href":"https:\/\/promoalge.com.br\/index.php?rest_route=%2Fwp%2Fv2%2Fproduct_cat&post=2090"},{"taxonomy":"product_tag","embeddable":true,"href":"https:\/\/promoalge.com.br\/index.php?rest_route=%2Fwp%2Fv2%2Fproduct_tag&post=2090"}],"curies":[{"name":"wp","href":"https:\/\/api.w.org\/{rel}","templated":true}]}}