{"id":2152,"date":"2018-11-16T17:02:37","date_gmt":"2018-11-16T20:02:37","guid":{"rendered":"http:\/\/promoalge.com.br\/?post_type=product&#038;p=2152"},"modified":"2020-09-20T15:50:33","modified_gmt":"2020-09-20T18:50:33","slug":"sacola-tnt-laminado-pr92850","status":"publish","type":"product","link":"https:\/\/promoalge.com.br\/?product=sacola-tnt-laminado-pr92850","title":{"rendered":"Sacola em TNT Laminado &#8211; PR92850"},"content":{"rendered":"","protected":false},"excerpt":{"rendered":"<p>Sacola produzida em TNT Laminado com al\u00e7a de ombro, medidas al\u00e7as de 50 cm, medidas sacola 340 x 350 x 80 mm. Grava\u00e7\u00e3o serigrafia em 1 cor<\/p>\n","protected":false},"featured_media":2155,"template":"","meta":[],"product_brand":[],"product_cat":[79,353,410],"product_tag":[],"class_list":{"0":"post-2152","1":"product","2":"type-product","3":"status-publish","4":"has-post-thumbnail","6":"product_cat-bolsas-mochilas","7":"product_cat-diversos","8":"product_cat-eventos-pastas-pvc","10":"first","11":"instock","12":"shipping-taxable","13":"product-type-simple"},"_links":{"self":[{"href":"https:\/\/promoalge.com.br\/index.php?rest_route=\/wp\/v2\/product\/2152","targetHints":{"allow":["GET"]}}],"collection":[{"href":"https:\/\/promoalge.com.br\/index.php?rest_route=\/wp\/v2\/product"}],"about":[{"href":"https:\/\/promoalge.com.br\/index.php?rest_route=\/wp\/v2\/types\/product"}],"wp:featuredmedia":[{"embeddable":true,"href":"https:\/\/promoalge.com.br\/index.php?rest_route=\/wp\/v2\/media\/2155"}],"wp:attachment":[{"href":"https:\/\/promoalge.com.br\/index.php?rest_route=%2Fwp%2Fv2%2Fmedia&parent=2152"}],"wp:term":[{"taxonomy":"product_brand","embeddable":true,"href":"https:\/\/promoalge.com.br\/index.php?rest_route=%2Fwp%2Fv2%2Fproduct_brand&post=2152"},{"taxonomy":"product_cat","embeddable":true,"href":"https:\/\/promoalge.com.br\/index.php?rest_route=%2Fwp%2Fv2%2Fproduct_cat&post=2152"},{"taxonomy":"product_tag","embeddable":true,"href":"https:\/\/promoalge.com.br\/index.php?rest_route=%2Fwp%2Fv2%2Fproduct_tag&post=2152"}],"curies":[{"name":"wp","href":"https:\/\/api.w.org\/{rel}","templated":true}]}}