{"id":2190,"date":"2018-11-19T11:21:52","date_gmt":"2018-11-19T14:21:52","guid":{"rendered":"http:\/\/promoalge.com.br\/?post_type=product&#038;p=2190"},"modified":"2018-11-19T11:21:53","modified_gmt":"2018-11-19T14:21:53","slug":"abridor-de-garrafa-com-ima-abrgf","status":"publish","type":"product","link":"https:\/\/promoalge.com.br\/?product=abridor-de-garrafa-com-ima-abrgf","title":{"rendered":"Abridor de Garrafa com Im\u00e3 &#8211; ABRGF"},"content":{"rendered":"","protected":false},"excerpt":{"rendered":"<p>Abridor de garrafas em formato de tampa produzido em pl\u00e1stico resistente, com im\u00e3. Grava\u00e7\u00e3o serigrafia ou impress\u00e3o digital.<\/p>\n","protected":false},"featured_media":2192,"template":"","meta":[],"product_brand":[],"product_cat":[49,353],"product_tag":[],"class_list":{"0":"post-2190","1":"product","2":"type-product","3":"status-publish","4":"has-post-thumbnail","6":"product_cat-bar-queijo-vinhos","7":"product_cat-diversos","9":"first","10":"instock","11":"shipping-taxable","12":"product-type-simple"},"_links":{"self":[{"href":"https:\/\/promoalge.com.br\/index.php?rest_route=\/wp\/v2\/product\/2190","targetHints":{"allow":["GET"]}}],"collection":[{"href":"https:\/\/promoalge.com.br\/index.php?rest_route=\/wp\/v2\/product"}],"about":[{"href":"https:\/\/promoalge.com.br\/index.php?rest_route=\/wp\/v2\/types\/product"}],"wp:featuredmedia":[{"embeddable":true,"href":"https:\/\/promoalge.com.br\/index.php?rest_route=\/wp\/v2\/media\/2192"}],"wp:attachment":[{"href":"https:\/\/promoalge.com.br\/index.php?rest_route=%2Fwp%2Fv2%2Fmedia&parent=2190"}],"wp:term":[{"taxonomy":"product_brand","embeddable":true,"href":"https:\/\/promoalge.com.br\/index.php?rest_route=%2Fwp%2Fv2%2Fproduct_brand&post=2190"},{"taxonomy":"product_cat","embeddable":true,"href":"https:\/\/promoalge.com.br\/index.php?rest_route=%2Fwp%2Fv2%2Fproduct_cat&post=2190"},{"taxonomy":"product_tag","embeddable":true,"href":"https:\/\/promoalge.com.br\/index.php?rest_route=%2Fwp%2Fv2%2Fproduct_tag&post=2190"}],"curies":[{"name":"wp","href":"https:\/\/api.w.org\/{rel}","templated":true}]}}