{"id":220,"date":"2018-06-14T17:08:08","date_gmt":"2018-06-14T20:08:08","guid":{"rendered":"http:\/\/promoalge.com.br\/?product=import-placeholder-for-3874"},"modified":"2018-06-14T17:10:07","modified_gmt":"2018-06-14T20:10:07","slug":"caneta-metalica-pr91333","status":"publish","type":"product","link":"https:\/\/promoalge.com.br\/?product=caneta-metalica-pr91333","title":{"rendered":"Caneta Met\u00e1lica \u2013 PR91333"},"content":{"rendered":"<p>Caneta esferogr\u00e1fica com corpo met\u00e1lico, aciona por click. Grava\u00e7\u00e3o a laser.<\/p>\n","protected":false},"excerpt":{"rendered":"<p>Caneta esferogr\u00e1fica com corpo met\u00e1lico, aciona por click. Grava\u00e7\u00e3o a laser.<\/p>\n","protected":false},"featured_media":274,"template":"","meta":[],"product_brand":[],"product_cat":[346],"product_tag":[],"class_list":{"0":"post-220","1":"product","2":"type-product","3":"status-publish","4":"has-post-thumbnail","6":"product_cat-canetas-metalicas","8":"first","9":"instock","10":"shipping-taxable","11":"product-type-simple"},"_links":{"self":[{"href":"https:\/\/promoalge.com.br\/index.php?rest_route=\/wp\/v2\/product\/220","targetHints":{"allow":["GET"]}}],"collection":[{"href":"https:\/\/promoalge.com.br\/index.php?rest_route=\/wp\/v2\/product"}],"about":[{"href":"https:\/\/promoalge.com.br\/index.php?rest_route=\/wp\/v2\/types\/product"}],"wp:featuredmedia":[{"embeddable":true,"href":"https:\/\/promoalge.com.br\/index.php?rest_route=\/wp\/v2\/media\/274"}],"wp:attachment":[{"href":"https:\/\/promoalge.com.br\/index.php?rest_route=%2Fwp%2Fv2%2Fmedia&parent=220"}],"wp:term":[{"taxonomy":"product_brand","embeddable":true,"href":"https:\/\/promoalge.com.br\/index.php?rest_route=%2Fwp%2Fv2%2Fproduct_brand&post=220"},{"taxonomy":"product_cat","embeddable":true,"href":"https:\/\/promoalge.com.br\/index.php?rest_route=%2Fwp%2Fv2%2Fproduct_cat&post=220"},{"taxonomy":"product_tag","embeddable":true,"href":"https:\/\/promoalge.com.br\/index.php?rest_route=%2Fwp%2Fv2%2Fproduct_tag&post=220"}],"curies":[{"name":"wp","href":"https:\/\/api.w.org\/{rel}","templated":true}]}}