{"id":2232,"date":"2018-11-20T14:10:07","date_gmt":"2018-11-20T17:10:07","guid":{"rendered":"http:\/\/promoalge.com.br\/?post_type=product&#038;p=2232"},"modified":"2018-11-20T14:10:07","modified_gmt":"2018-11-20T17:10:07","slug":"bolsa-de-viagem-bvg","status":"publish","type":"product","link":"https:\/\/promoalge.com.br\/?product=bolsa-de-viagem-bvg","title":{"rendered":"Bolsa de Viagem &#8211; BVG"},"content":{"rendered":"","protected":false},"excerpt":{"rendered":"<p>Bolsa modelo de viagem em poli\u00e9ster ou nylon, com alcas de m\u00e3o e tira colo, acabamento com vivo e z\u00edper. Incluso logo bordado frontal e laterais. Grava\u00e7\u00e3o serigrafia ou bordado.<\/p>\n","protected":false},"featured_media":2239,"template":"","meta":[],"product_brand":[],"product_cat":[79],"product_tag":[],"class_list":{"0":"post-2232","1":"product","2":"type-product","3":"status-publish","4":"has-post-thumbnail","6":"product_cat-bolsas-mochilas","8":"first","9":"instock","10":"shipping-taxable","11":"product-type-simple"},"_links":{"self":[{"href":"https:\/\/promoalge.com.br\/index.php?rest_route=\/wp\/v2\/product\/2232","targetHints":{"allow":["GET"]}}],"collection":[{"href":"https:\/\/promoalge.com.br\/index.php?rest_route=\/wp\/v2\/product"}],"about":[{"href":"https:\/\/promoalge.com.br\/index.php?rest_route=\/wp\/v2\/types\/product"}],"wp:featuredmedia":[{"embeddable":true,"href":"https:\/\/promoalge.com.br\/index.php?rest_route=\/wp\/v2\/media\/2239"}],"wp:attachment":[{"href":"https:\/\/promoalge.com.br\/index.php?rest_route=%2Fwp%2Fv2%2Fmedia&parent=2232"}],"wp:term":[{"taxonomy":"product_brand","embeddable":true,"href":"https:\/\/promoalge.com.br\/index.php?rest_route=%2Fwp%2Fv2%2Fproduct_brand&post=2232"},{"taxonomy":"product_cat","embeddable":true,"href":"https:\/\/promoalge.com.br\/index.php?rest_route=%2Fwp%2Fv2%2Fproduct_cat&post=2232"},{"taxonomy":"product_tag","embeddable":true,"href":"https:\/\/promoalge.com.br\/index.php?rest_route=%2Fwp%2Fv2%2Fproduct_tag&post=2232"}],"curies":[{"name":"wp","href":"https:\/\/api.w.org\/{rel}","templated":true}]}}