{"id":2262,"date":"2018-11-20T14:41:42","date_gmt":"2018-11-20T17:41:42","guid":{"rendered":"http:\/\/promoalge.com.br\/?post_type=product&#038;p=2262"},"modified":"2018-11-20T14:41:43","modified_gmt":"2018-11-20T17:41:43","slug":"necessaire-pr92721","status":"publish","type":"product","link":"https:\/\/promoalge.com.br\/?product=necessaire-pr92721","title":{"rendered":"Necessaire &#8211; PR92721"},"content":{"rendered":"","protected":false},"excerpt":{"rendered":"<p>Necessaire produzida em microfibra, fechamento com z\u00edper, medidas 13 x 9 x 6,5 cm. Grava\u00e7\u00e3o serigrafia.<\/p>\n","protected":false},"featured_media":2268,"template":"","meta":[],"product_brand":[],"product_cat":[416],"product_tag":[],"class_list":{"0":"post-2262","1":"product","2":"type-product","3":"status-publish","4":"has-post-thumbnail","6":"product_cat-necessaire","8":"first","9":"instock","10":"shipping-taxable","11":"product-type-simple"},"_links":{"self":[{"href":"https:\/\/promoalge.com.br\/index.php?rest_route=\/wp\/v2\/product\/2262","targetHints":{"allow":["GET"]}}],"collection":[{"href":"https:\/\/promoalge.com.br\/index.php?rest_route=\/wp\/v2\/product"}],"about":[{"href":"https:\/\/promoalge.com.br\/index.php?rest_route=\/wp\/v2\/types\/product"}],"wp:featuredmedia":[{"embeddable":true,"href":"https:\/\/promoalge.com.br\/index.php?rest_route=\/wp\/v2\/media\/2268"}],"wp:attachment":[{"href":"https:\/\/promoalge.com.br\/index.php?rest_route=%2Fwp%2Fv2%2Fmedia&parent=2262"}],"wp:term":[{"taxonomy":"product_brand","embeddable":true,"href":"https:\/\/promoalge.com.br\/index.php?rest_route=%2Fwp%2Fv2%2Fproduct_brand&post=2262"},{"taxonomy":"product_cat","embeddable":true,"href":"https:\/\/promoalge.com.br\/index.php?rest_route=%2Fwp%2Fv2%2Fproduct_cat&post=2262"},{"taxonomy":"product_tag","embeddable":true,"href":"https:\/\/promoalge.com.br\/index.php?rest_route=%2Fwp%2Fv2%2Fproduct_tag&post=2262"}],"curies":[{"name":"wp","href":"https:\/\/api.w.org\/{rel}","templated":true}]}}