{"id":2282,"date":"2018-11-20T15:06:29","date_gmt":"2018-11-20T18:06:29","guid":{"rendered":"http:\/\/promoalge.com.br\/?post_type=product&#038;p=2282"},"modified":"2025-08-12T16:57:00","modified_gmt":"2025-08-12T19:57:00","slug":"bolsa-termica-pr98418","status":"publish","type":"product","link":"https:\/\/promoalge.com.br\/?product=bolsa-termica-pr98418","title":{"rendered":"Bolsa T\u00e9rmica &#8211; PR98418"},"content":{"rendered":"","protected":false},"excerpt":{"rendered":"<p>Bolsa t\u00e9rmica produzida em poli\u00e9ster 600D, com al\u00e7a ajust\u00e1vel em webbing e bolso frontal, capacidade at\u00e9 9 litros, medidas 24 x 22 x 17 cm. Grava\u00e7\u00e3o serigrafia.<\/p>\n","protected":false},"featured_media":2284,"template":"","meta":[],"product_brand":[],"product_cat":[79,414],"product_tag":[],"class_list":{"0":"post-2282","1":"product","2":"type-product","3":"status-publish","4":"has-post-thumbnail","6":"product_cat-bolsas-mochilas","7":"product_cat-praia-verao","9":"first","10":"instock","11":"shipping-taxable","12":"product-type-simple"},"_links":{"self":[{"href":"https:\/\/promoalge.com.br\/index.php?rest_route=\/wp\/v2\/product\/2282","targetHints":{"allow":["GET"]}}],"collection":[{"href":"https:\/\/promoalge.com.br\/index.php?rest_route=\/wp\/v2\/product"}],"about":[{"href":"https:\/\/promoalge.com.br\/index.php?rest_route=\/wp\/v2\/types\/product"}],"wp:featuredmedia":[{"embeddable":true,"href":"https:\/\/promoalge.com.br\/index.php?rest_route=\/wp\/v2\/media\/2284"}],"wp:attachment":[{"href":"https:\/\/promoalge.com.br\/index.php?rest_route=%2Fwp%2Fv2%2Fmedia&parent=2282"}],"wp:term":[{"taxonomy":"product_brand","embeddable":true,"href":"https:\/\/promoalge.com.br\/index.php?rest_route=%2Fwp%2Fv2%2Fproduct_brand&post=2282"},{"taxonomy":"product_cat","embeddable":true,"href":"https:\/\/promoalge.com.br\/index.php?rest_route=%2Fwp%2Fv2%2Fproduct_cat&post=2282"},{"taxonomy":"product_tag","embeddable":true,"href":"https:\/\/promoalge.com.br\/index.php?rest_route=%2Fwp%2Fv2%2Fproduct_tag&post=2282"}],"curies":[{"name":"wp","href":"https:\/\/api.w.org\/{rel}","templated":true}]}}