{"id":2298,"date":"2018-11-27T11:30:32","date_gmt":"2018-11-27T14:30:32","guid":{"rendered":"http:\/\/promoalge.com.br\/?post_type=product&#038;p=2298"},"modified":"2018-11-27T11:30:33","modified_gmt":"2018-11-27T14:30:33","slug":"caneta-metalica-pr192","status":"publish","type":"product","link":"https:\/\/promoalge.com.br\/?product=caneta-metalica-pr192","title":{"rendered":"Caneta Met\u00e1lica &#8211; PR192"},"content":{"rendered":"","protected":false},"excerpt":{"rendered":"<p>Caneta met\u00e1lica inteira colorida com detalhes prata. Clip metal com \u201cponta\u201d superior prata e dois an\u00e9is centrais. Aciona por clique. Grava\u00e7\u00e3o a laser.<\/p>\n","protected":false},"featured_media":2299,"template":"","meta":[],"product_brand":[],"product_cat":[346],"product_tag":[],"class_list":{"0":"post-2298","1":"product","2":"type-product","3":"status-publish","4":"has-post-thumbnail","6":"product_cat-canetas-metalicas","8":"first","9":"instock","10":"shipping-taxable","11":"product-type-simple"},"_links":{"self":[{"href":"https:\/\/promoalge.com.br\/index.php?rest_route=\/wp\/v2\/product\/2298","targetHints":{"allow":["GET"]}}],"collection":[{"href":"https:\/\/promoalge.com.br\/index.php?rest_route=\/wp\/v2\/product"}],"about":[{"href":"https:\/\/promoalge.com.br\/index.php?rest_route=\/wp\/v2\/types\/product"}],"wp:featuredmedia":[{"embeddable":true,"href":"https:\/\/promoalge.com.br\/index.php?rest_route=\/wp\/v2\/media\/2299"}],"wp:attachment":[{"href":"https:\/\/promoalge.com.br\/index.php?rest_route=%2Fwp%2Fv2%2Fmedia&parent=2298"}],"wp:term":[{"taxonomy":"product_brand","embeddable":true,"href":"https:\/\/promoalge.com.br\/index.php?rest_route=%2Fwp%2Fv2%2Fproduct_brand&post=2298"},{"taxonomy":"product_cat","embeddable":true,"href":"https:\/\/promoalge.com.br\/index.php?rest_route=%2Fwp%2Fv2%2Fproduct_cat&post=2298"},{"taxonomy":"product_tag","embeddable":true,"href":"https:\/\/promoalge.com.br\/index.php?rest_route=%2Fwp%2Fv2%2Fproduct_tag&post=2298"}],"curies":[{"name":"wp","href":"https:\/\/api.w.org\/{rel}","templated":true}]}}