{"id":2326,"date":"2018-11-27T15:48:13","date_gmt":"2018-11-27T18:48:13","guid":{"rendered":"http:\/\/promoalge.com.br\/?post_type=product&#038;p=2326"},"modified":"2018-11-27T15:48:13","modified_gmt":"2018-11-27T18:48:13","slug":"caixa-de-som-pr97340","status":"publish","type":"product","link":"https:\/\/promoalge.com.br\/?product=caixa-de-som-pr97340","title":{"rendered":"Caixa de Som &#8211; PR97340"},"content":{"rendered":"","protected":false},"excerpt":{"rendered":"<p>Caixa de som com microfone produzida em  ABS, acabamento emborrachado. Com bluetooth, entrada USB, micro SD, e liga\u00e7\u00e3o stereo 3,5 mm. Com 3W\/4\u03a9. Autonomia at\u00e9 3 h. Fun\u00e7\u00e3o para atender chamadas, controle de volume e conex\u00e3o \u00e0 playlist do dispositivo m\u00f3vel. Incluso cabo USB para carregar. 150 x 60 x 60 mm. Grava\u00e7\u00e3o serigrafia em 1 cor.<\/p>\n","protected":false},"featured_media":2331,"template":"","meta":[],"product_brand":[],"product_cat":[417],"product_tag":[],"class_list":{"0":"post-2326","1":"product","2":"type-product","3":"status-publish","4":"has-post-thumbnail","6":"product_cat-pendrive-tecnologia","8":"first","9":"instock","10":"shipping-taxable","11":"product-type-simple"},"_links":{"self":[{"href":"https:\/\/promoalge.com.br\/index.php?rest_route=\/wp\/v2\/product\/2326","targetHints":{"allow":["GET"]}}],"collection":[{"href":"https:\/\/promoalge.com.br\/index.php?rest_route=\/wp\/v2\/product"}],"about":[{"href":"https:\/\/promoalge.com.br\/index.php?rest_route=\/wp\/v2\/types\/product"}],"wp:featuredmedia":[{"embeddable":true,"href":"https:\/\/promoalge.com.br\/index.php?rest_route=\/wp\/v2\/media\/2331"}],"wp:attachment":[{"href":"https:\/\/promoalge.com.br\/index.php?rest_route=%2Fwp%2Fv2%2Fmedia&parent=2326"}],"wp:term":[{"taxonomy":"product_brand","embeddable":true,"href":"https:\/\/promoalge.com.br\/index.php?rest_route=%2Fwp%2Fv2%2Fproduct_brand&post=2326"},{"taxonomy":"product_cat","embeddable":true,"href":"https:\/\/promoalge.com.br\/index.php?rest_route=%2Fwp%2Fv2%2Fproduct_cat&post=2326"},{"taxonomy":"product_tag","embeddable":true,"href":"https:\/\/promoalge.com.br\/index.php?rest_route=%2Fwp%2Fv2%2Fproduct_tag&post=2326"}],"curies":[{"name":"wp","href":"https:\/\/api.w.org\/{rel}","templated":true}]}}