{"id":2350,"date":"2018-11-27T16:17:04","date_gmt":"2018-11-27T19:17:04","guid":{"rendered":"http:\/\/promoalge.com.br\/?post_type=product&#038;p=2350"},"modified":"2022-02-15T21:09:46","modified_gmt":"2022-02-16T00:09:46","slug":"squeeze-inox-600-ml-pr94631","status":"publish","type":"product","link":"https:\/\/promoalge.com.br\/?product=squeeze-inox-600-ml-pr94631","title":{"rendered":"Squeeze Inox 600 ml &#8211; PR94631"},"content":{"rendered":"","protected":false},"excerpt":{"rendered":"<p>Squeeze em Alum\u00ednio capacidade at\u00e9 650 ml, com tampa, medidas \u00f8 65 x 250 mm. Grava\u00e7\u00e3o a laser.<\/p>\n<p>&nbsp;<\/p>\n<p>*M\u00ednimo 50 unidades.<\/p>\n","protected":false},"featured_media":6651,"template":"","meta":[],"product_brand":[],"product_cat":[237],"product_tag":[],"class_list":{"0":"post-2350","1":"product","2":"type-product","3":"status-publish","4":"has-post-thumbnail","6":"product_cat-metalicas","8":"first","9":"instock","10":"shipping-taxable","11":"product-type-simple"},"_links":{"self":[{"href":"https:\/\/promoalge.com.br\/index.php?rest_route=\/wp\/v2\/product\/2350","targetHints":{"allow":["GET"]}}],"collection":[{"href":"https:\/\/promoalge.com.br\/index.php?rest_route=\/wp\/v2\/product"}],"about":[{"href":"https:\/\/promoalge.com.br\/index.php?rest_route=\/wp\/v2\/types\/product"}],"wp:featuredmedia":[{"embeddable":true,"href":"https:\/\/promoalge.com.br\/index.php?rest_route=\/wp\/v2\/media\/6651"}],"wp:attachment":[{"href":"https:\/\/promoalge.com.br\/index.php?rest_route=%2Fwp%2Fv2%2Fmedia&parent=2350"}],"wp:term":[{"taxonomy":"product_brand","embeddable":true,"href":"https:\/\/promoalge.com.br\/index.php?rest_route=%2Fwp%2Fv2%2Fproduct_brand&post=2350"},{"taxonomy":"product_cat","embeddable":true,"href":"https:\/\/promoalge.com.br\/index.php?rest_route=%2Fwp%2Fv2%2Fproduct_cat&post=2350"},{"taxonomy":"product_tag","embeddable":true,"href":"https:\/\/promoalge.com.br\/index.php?rest_route=%2Fwp%2Fv2%2Fproduct_tag&post=2350"}],"curies":[{"name":"wp","href":"https:\/\/api.w.org\/{rel}","templated":true}]}}