{"id":2362,"date":"2018-11-29T09:17:28","date_gmt":"2018-11-29T12:17:28","guid":{"rendered":"http:\/\/promoalge.com.br\/?post_type=product&#038;p=2362"},"modified":"2018-11-29T09:17:28","modified_gmt":"2018-11-29T12:17:28","slug":"kit-gourmet-kitgrmt","status":"publish","type":"product","link":"https:\/\/promoalge.com.br\/?product=kit-gourmet-kitgrmt","title":{"rendered":"Kit Gourmet &#8211; KITGRMT"},"content":{"rendered":"","protected":false},"excerpt":{"rendered":"<p>Kit Gourmet incluso:<br \/>\n\u2022\t2 Ta\u00e7as 300 ml de vidro;<br \/>\n\u2022\tT\u00e1bua de bambu medidas 25&#215;15 cm;<br \/>\n\u2022\tKit aperitivo com Faca e mini garfos;<br \/>\n\u2022\t2 Potes porta pat\u00ea em porcelana branca (Ramekim) medidas 6&#215;3 cm;<\/p>\n<p>Todos os itens acomodados em caixa de papel r\u00edgido, com acabamento interno, e palha seca na parte interna.<\/p>\n<p>* Personaliza\u00e7\u00e3o na tampa da caixa em serigrafia em 1 cor, e grava\u00e7\u00e3o a laser na t\u00e1bua, e l\u00e2mina da faca.<\/p>\n","protected":false},"featured_media":2363,"template":"","meta":[],"product_brand":[],"product_cat":[49],"product_tag":[],"class_list":{"0":"post-2362","1":"product","2":"type-product","3":"status-publish","4":"has-post-thumbnail","6":"product_cat-bar-queijo-vinhos","8":"first","9":"instock","10":"shipping-taxable","11":"product-type-simple"},"_links":{"self":[{"href":"https:\/\/promoalge.com.br\/index.php?rest_route=\/wp\/v2\/product\/2362","targetHints":{"allow":["GET"]}}],"collection":[{"href":"https:\/\/promoalge.com.br\/index.php?rest_route=\/wp\/v2\/product"}],"about":[{"href":"https:\/\/promoalge.com.br\/index.php?rest_route=\/wp\/v2\/types\/product"}],"wp:featuredmedia":[{"embeddable":true,"href":"https:\/\/promoalge.com.br\/index.php?rest_route=\/wp\/v2\/media\/2363"}],"wp:attachment":[{"href":"https:\/\/promoalge.com.br\/index.php?rest_route=%2Fwp%2Fv2%2Fmedia&parent=2362"}],"wp:term":[{"taxonomy":"product_brand","embeddable":true,"href":"https:\/\/promoalge.com.br\/index.php?rest_route=%2Fwp%2Fv2%2Fproduct_brand&post=2362"},{"taxonomy":"product_cat","embeddable":true,"href":"https:\/\/promoalge.com.br\/index.php?rest_route=%2Fwp%2Fv2%2Fproduct_cat&post=2362"},{"taxonomy":"product_tag","embeddable":true,"href":"https:\/\/promoalge.com.br\/index.php?rest_route=%2Fwp%2Fv2%2Fproduct_tag&post=2362"}],"curies":[{"name":"wp","href":"https:\/\/api.w.org\/{rel}","templated":true}]}}