{"id":2364,"date":"2018-11-29T09:21:07","date_gmt":"2018-11-29T12:21:07","guid":{"rendered":"http:\/\/promoalge.com.br\/?post_type=product&#038;p=2364"},"modified":"2019-02-18T19:06:42","modified_gmt":"2019-02-18T22:06:42","slug":"kit-cafe-gourmet-com-caneca-de-porcelana-kitcancafe","status":"publish","type":"product","link":"https:\/\/promoalge.com.br\/?product=kit-cafe-gourmet-com-caneca-de-porcelana-kitcancafe","title":{"rendered":"Kit Caf\u00e9 Gourmet com Caneca de Porcelana &#8211; KITCANCAFE"},"content":{"rendered":"","protected":false},"excerpt":{"rendered":"<p>Kit caf\u00e9 gourmet, incluso caneca de porcelana capacidade 300 ml, caf\u00e9 ar\u00e1bica 250 gramas, mini coador de pano, e suporte de caneca em metal para preparar do caf\u00e9. Incluso caixa em papel\u00e3o r\u00edgido. Personaliza\u00e7\u00e3o na caneca de porcelana em policromia, e na tampa da caixa em 1 cor.<\/p>\n","protected":false},"featured_media":2365,"template":"","meta":[],"product_brand":[],"product_cat":[407,418],"product_tag":[],"class_list":{"0":"post-2364","1":"product","2":"type-product","3":"status-publish","4":"has-post-thumbnail","6":"product_cat-conjuntos","7":"product_cat-porcelana-e-vidros","9":"first","10":"instock","11":"shipping-taxable","12":"product-type-simple"},"_links":{"self":[{"href":"https:\/\/promoalge.com.br\/index.php?rest_route=\/wp\/v2\/product\/2364","targetHints":{"allow":["GET"]}}],"collection":[{"href":"https:\/\/promoalge.com.br\/index.php?rest_route=\/wp\/v2\/product"}],"about":[{"href":"https:\/\/promoalge.com.br\/index.php?rest_route=\/wp\/v2\/types\/product"}],"wp:featuredmedia":[{"embeddable":true,"href":"https:\/\/promoalge.com.br\/index.php?rest_route=\/wp\/v2\/media\/2365"}],"wp:attachment":[{"href":"https:\/\/promoalge.com.br\/index.php?rest_route=%2Fwp%2Fv2%2Fmedia&parent=2364"}],"wp:term":[{"taxonomy":"product_brand","embeddable":true,"href":"https:\/\/promoalge.com.br\/index.php?rest_route=%2Fwp%2Fv2%2Fproduct_brand&post=2364"},{"taxonomy":"product_cat","embeddable":true,"href":"https:\/\/promoalge.com.br\/index.php?rest_route=%2Fwp%2Fv2%2Fproduct_cat&post=2364"},{"taxonomy":"product_tag","embeddable":true,"href":"https:\/\/promoalge.com.br\/index.php?rest_route=%2Fwp%2Fv2%2Fproduct_tag&post=2364"}],"curies":[{"name":"wp","href":"https:\/\/api.w.org\/{rel}","templated":true}]}}