{"id":2410,"date":"2018-12-06T14:43:23","date_gmt":"2018-12-06T17:43:23","guid":{"rendered":"http:\/\/promoalge.com.br\/?post_type=product&#038;p=2410"},"modified":"2018-12-06T14:43:24","modified_gmt":"2018-12-06T17:43:24","slug":"kit-caneta-e-molesquine-pr13385","status":"publish","type":"product","link":"https:\/\/promoalge.com.br\/?product=kit-caneta-e-molesquine-pr13385","title":{"rendered":"Kit Caneta e Molesquine &#8211; PR13385"},"content":{"rendered":"","protected":false},"excerpt":{"rendered":"<p>Kit caderneta tipo moleskine em couro sint\u00e9tico com caneta met\u00e1lica e estojo de veludo. Moleskine com capa texturizada frente e verso liso, tem a primeira e \u00faltima folha lisa e aproximadamente 80 folhas, medidas 14 x 9 cm, e Caneta esferogr\u00e1fica com corpo met\u00e1lico inteira colorida com detalhes prata. Clip metal com a ponta do acionador preto, parte inferior com dois an\u00e9is prata. Aciona por clique. Medidas 13,7 cm x 1,2 cm. <\/p>\n<p>Incluso embalagem de veludo.<\/p>\n<p>Personaliza\u00e7\u00e3o:<br \/>\nMolesquine: Serigrafia em 1 cor.<br \/>\nCaneta: Laser<\/p>\n","protected":false},"featured_media":2411,"template":"","meta":[],"product_brand":[],"product_cat":[409,407],"product_tag":[],"class_list":{"0":"post-2410","1":"product","2":"type-product","3":"status-publish","4":"has-post-thumbnail","6":"product_cat-escritorio","7":"product_cat-conjuntos","9":"first","10":"instock","11":"shipping-taxable","12":"product-type-simple"},"_links":{"self":[{"href":"https:\/\/promoalge.com.br\/index.php?rest_route=\/wp\/v2\/product\/2410","targetHints":{"allow":["GET"]}}],"collection":[{"href":"https:\/\/promoalge.com.br\/index.php?rest_route=\/wp\/v2\/product"}],"about":[{"href":"https:\/\/promoalge.com.br\/index.php?rest_route=\/wp\/v2\/types\/product"}],"wp:featuredmedia":[{"embeddable":true,"href":"https:\/\/promoalge.com.br\/index.php?rest_route=\/wp\/v2\/media\/2411"}],"wp:attachment":[{"href":"https:\/\/promoalge.com.br\/index.php?rest_route=%2Fwp%2Fv2%2Fmedia&parent=2410"}],"wp:term":[{"taxonomy":"product_brand","embeddable":true,"href":"https:\/\/promoalge.com.br\/index.php?rest_route=%2Fwp%2Fv2%2Fproduct_brand&post=2410"},{"taxonomy":"product_cat","embeddable":true,"href":"https:\/\/promoalge.com.br\/index.php?rest_route=%2Fwp%2Fv2%2Fproduct_cat&post=2410"},{"taxonomy":"product_tag","embeddable":true,"href":"https:\/\/promoalge.com.br\/index.php?rest_route=%2Fwp%2Fv2%2Fproduct_tag&post=2410"}],"curies":[{"name":"wp","href":"https:\/\/api.w.org\/{rel}","templated":true}]}}