{"id":2504,"date":"2019-01-09T17:57:59","date_gmt":"2019-01-09T20:57:59","guid":{"rendered":"http:\/\/promoalge.com.br\/?post_type=product&#038;p=2504"},"modified":"2019-01-09T17:58:16","modified_gmt":"2019-01-09T20:58:16","slug":"porta-garrafa-pr725","status":"publish","type":"product","link":"https:\/\/promoalge.com.br\/?product=porta-garrafa-pr725","title":{"rendered":"Porta Garrafa Duplo  &#8211; PR725"},"content":{"rendered":"","protected":false},"excerpt":{"rendered":"<p>Porta garrafas duplo, produzido  em sint\u00e9tico fechamento com bot\u00e3o, Grava\u00e7\u00e3o baixo relevo.<\/p>\n","protected":false},"featured_media":2505,"template":"","meta":[],"product_brand":[],"product_cat":[408],"product_tag":[],"class_list":{"0":"post-2504","1":"product","2":"type-product","3":"status-publish","4":"has-post-thumbnail","6":"product_cat-couro","8":"first","9":"instock","10":"shipping-taxable","11":"product-type-simple"},"_links":{"self":[{"href":"https:\/\/promoalge.com.br\/index.php?rest_route=\/wp\/v2\/product\/2504","targetHints":{"allow":["GET"]}}],"collection":[{"href":"https:\/\/promoalge.com.br\/index.php?rest_route=\/wp\/v2\/product"}],"about":[{"href":"https:\/\/promoalge.com.br\/index.php?rest_route=\/wp\/v2\/types\/product"}],"wp:featuredmedia":[{"embeddable":true,"href":"https:\/\/promoalge.com.br\/index.php?rest_route=\/wp\/v2\/media\/2505"}],"wp:attachment":[{"href":"https:\/\/promoalge.com.br\/index.php?rest_route=%2Fwp%2Fv2%2Fmedia&parent=2504"}],"wp:term":[{"taxonomy":"product_brand","embeddable":true,"href":"https:\/\/promoalge.com.br\/index.php?rest_route=%2Fwp%2Fv2%2Fproduct_brand&post=2504"},{"taxonomy":"product_cat","embeddable":true,"href":"https:\/\/promoalge.com.br\/index.php?rest_route=%2Fwp%2Fv2%2Fproduct_cat&post=2504"},{"taxonomy":"product_tag","embeddable":true,"href":"https:\/\/promoalge.com.br\/index.php?rest_route=%2Fwp%2Fv2%2Fproduct_tag&post=2504"}],"curies":[{"name":"wp","href":"https:\/\/api.w.org\/{rel}","templated":true}]}}