{"id":2547,"date":"2019-01-16T12:11:23","date_gmt":"2019-01-16T15:11:23","guid":{"rendered":"http:\/\/promoalge.com.br\/?post_type=product&#038;p=2547"},"modified":"2019-01-16T12:11:24","modified_gmt":"2019-01-16T15:11:24","slug":"porta-garrafa-pr525","status":"publish","type":"product","link":"https:\/\/promoalge.com.br\/?product=porta-garrafa-pr525","title":{"rendered":"Porta Garrafa &#8211; PR525"},"content":{"rendered":"","protected":false},"excerpt":{"rendered":"<p>Porta garrafa, produzido em sint\u00e9tico fechamento com bot\u00e3o, Grava\u00e7\u00e3o baixo relevo.<\/p>\n","protected":false},"featured_media":2549,"template":"","meta":[],"product_brand":[],"product_cat":[49,408],"product_tag":[],"class_list":{"0":"post-2547","1":"product","2":"type-product","3":"status-publish","4":"has-post-thumbnail","6":"product_cat-bar-queijo-vinhos","7":"product_cat-couro","9":"first","10":"instock","11":"shipping-taxable","12":"product-type-simple"},"_links":{"self":[{"href":"https:\/\/promoalge.com.br\/index.php?rest_route=\/wp\/v2\/product\/2547","targetHints":{"allow":["GET"]}}],"collection":[{"href":"https:\/\/promoalge.com.br\/index.php?rest_route=\/wp\/v2\/product"}],"about":[{"href":"https:\/\/promoalge.com.br\/index.php?rest_route=\/wp\/v2\/types\/product"}],"wp:featuredmedia":[{"embeddable":true,"href":"https:\/\/promoalge.com.br\/index.php?rest_route=\/wp\/v2\/media\/2549"}],"wp:attachment":[{"href":"https:\/\/promoalge.com.br\/index.php?rest_route=%2Fwp%2Fv2%2Fmedia&parent=2547"}],"wp:term":[{"taxonomy":"product_brand","embeddable":true,"href":"https:\/\/promoalge.com.br\/index.php?rest_route=%2Fwp%2Fv2%2Fproduct_brand&post=2547"},{"taxonomy":"product_cat","embeddable":true,"href":"https:\/\/promoalge.com.br\/index.php?rest_route=%2Fwp%2Fv2%2Fproduct_cat&post=2547"},{"taxonomy":"product_tag","embeddable":true,"href":"https:\/\/promoalge.com.br\/index.php?rest_route=%2Fwp%2Fv2%2Fproduct_tag&post=2547"}],"curies":[{"name":"wp","href":"https:\/\/api.w.org\/{rel}","templated":true}]}}