{"id":2550,"date":"2019-01-18T11:32:26","date_gmt":"2019-01-18T14:32:26","guid":{"rendered":"http:\/\/promoalge.com.br\/?post_type=product&#038;p=2550"},"modified":"2025-08-12T16:56:43","modified_gmt":"2025-08-12T19:56:43","slug":"kit-vinho-pr10071","status":"publish","type":"product","link":"https:\/\/promoalge.com.br\/?product=kit-vinho-pr10071","title":{"rendered":"Kit Vinho &#8211; PR10071"},"content":{"rendered":"","protected":false},"excerpt":{"rendered":"<p>Kit vinho 2 pe\u00e7as em caixa de papel\u00e3o com tampa, revestimento interno de espuma. Possui saca rolhas de metal e tampa de bico. Grava\u00e7\u00e3o a laser no estojo e saca rolhas.<\/p>\n","protected":false},"featured_media":2551,"template":"","meta":[],"product_brand":[],"product_cat":[49],"product_tag":[],"class_list":{"0":"post-2550","1":"product","2":"type-product","3":"status-publish","4":"has-post-thumbnail","6":"product_cat-bar-queijo-vinhos","8":"first","9":"instock","10":"shipping-taxable","11":"product-type-simple"},"_links":{"self":[{"href":"https:\/\/promoalge.com.br\/index.php?rest_route=\/wp\/v2\/product\/2550","targetHints":{"allow":["GET"]}}],"collection":[{"href":"https:\/\/promoalge.com.br\/index.php?rest_route=\/wp\/v2\/product"}],"about":[{"href":"https:\/\/promoalge.com.br\/index.php?rest_route=\/wp\/v2\/types\/product"}],"wp:featuredmedia":[{"embeddable":true,"href":"https:\/\/promoalge.com.br\/index.php?rest_route=\/wp\/v2\/media\/2551"}],"wp:attachment":[{"href":"https:\/\/promoalge.com.br\/index.php?rest_route=%2Fwp%2Fv2%2Fmedia&parent=2550"}],"wp:term":[{"taxonomy":"product_brand","embeddable":true,"href":"https:\/\/promoalge.com.br\/index.php?rest_route=%2Fwp%2Fv2%2Fproduct_brand&post=2550"},{"taxonomy":"product_cat","embeddable":true,"href":"https:\/\/promoalge.com.br\/index.php?rest_route=%2Fwp%2Fv2%2Fproduct_cat&post=2550"},{"taxonomy":"product_tag","embeddable":true,"href":"https:\/\/promoalge.com.br\/index.php?rest_route=%2Fwp%2Fv2%2Fproduct_tag&post=2550"}],"curies":[{"name":"wp","href":"https:\/\/api.w.org\/{rel}","templated":true}]}}