{"id":2578,"date":"2019-01-22T10:24:04","date_gmt":"2019-01-22T13:24:04","guid":{"rendered":"http:\/\/promoalge.com.br\/?post_type=product&#038;p=2578"},"modified":"2019-01-22T10:24:04","modified_gmt":"2019-01-22T13:24:04","slug":"necessaire-pr13825","status":"publish","type":"product","link":"https:\/\/promoalge.com.br\/?product=necessaire-pr13825","title":{"rendered":"Necessaire &#8211; PR13825"},"content":{"rendered":"","protected":false},"excerpt":{"rendered":"<p>Necessaire em sint\u00e9tico bidins lisa com detalhe(corte) superior frente e verso, parte inferior com al\u00e7as na lateral, medidas 12,5 cm x 26,4 cm x 10,8 cm. Grava\u00e7\u00e3o baixo relevo.<\/p>\n","protected":false},"featured_media":2582,"template":"","meta":[],"product_brand":[],"product_cat":[416],"product_tag":[],"class_list":{"0":"post-2578","1":"product","2":"type-product","3":"status-publish","4":"has-post-thumbnail","6":"product_cat-necessaire","8":"first","9":"instock","10":"shipping-taxable","11":"product-type-simple"},"_links":{"self":[{"href":"https:\/\/promoalge.com.br\/index.php?rest_route=\/wp\/v2\/product\/2578","targetHints":{"allow":["GET"]}}],"collection":[{"href":"https:\/\/promoalge.com.br\/index.php?rest_route=\/wp\/v2\/product"}],"about":[{"href":"https:\/\/promoalge.com.br\/index.php?rest_route=\/wp\/v2\/types\/product"}],"wp:featuredmedia":[{"embeddable":true,"href":"https:\/\/promoalge.com.br\/index.php?rest_route=\/wp\/v2\/media\/2582"}],"wp:attachment":[{"href":"https:\/\/promoalge.com.br\/index.php?rest_route=%2Fwp%2Fv2%2Fmedia&parent=2578"}],"wp:term":[{"taxonomy":"product_brand","embeddable":true,"href":"https:\/\/promoalge.com.br\/index.php?rest_route=%2Fwp%2Fv2%2Fproduct_brand&post=2578"},{"taxonomy":"product_cat","embeddable":true,"href":"https:\/\/promoalge.com.br\/index.php?rest_route=%2Fwp%2Fv2%2Fproduct_cat&post=2578"},{"taxonomy":"product_tag","embeddable":true,"href":"https:\/\/promoalge.com.br\/index.php?rest_route=%2Fwp%2Fv2%2Fproduct_tag&post=2578"}],"curies":[{"name":"wp","href":"https:\/\/api.w.org\/{rel}","templated":true}]}}