{"id":265,"date":"2018-06-14T17:09:47","date_gmt":"2018-06-14T20:09:47","guid":{"rendered":"http:\/\/promoalge.com.br\/?product=import-placeholder-for-3901"},"modified":"2021-06-22T10:37:51","modified_gmt":"2021-06-22T13:37:51","slug":"caneta-metalica-pr120b1","status":"publish","type":"product","link":"https:\/\/promoalge.com.br\/?product=caneta-metalica-pr120b1","title":{"rendered":"Caneta Met\u00e1lica \u2013 PR120B1"},"content":{"rendered":"<p>Caneta metal colorida com detalhe emborrachado. Possui clip pl\u00e1stico prata brilhante, parte inferior com detalhe emborrachado preto com relevo, aciona por clique.<\/p>\n","protected":false},"excerpt":{"rendered":"<p>Caneta metal colorida com detalhe emborrachado. Possui clip pl\u00e1stico prata brilhante, parte inferior com detalhe emborrachado preto com relevo, aciona por clique. Grava\u00e7\u00e3o a laser.<\/p>\n","protected":false},"featured_media":315,"template":"","meta":[],"product_brand":[],"product_cat":[346],"product_tag":[],"class_list":{"0":"post-265","1":"product","2":"type-product","3":"status-publish","4":"has-post-thumbnail","6":"product_cat-canetas-metalicas","8":"first","9":"instock","10":"shipping-taxable","11":"product-type-simple"},"_links":{"self":[{"href":"https:\/\/promoalge.com.br\/index.php?rest_route=\/wp\/v2\/product\/265","targetHints":{"allow":["GET"]}}],"collection":[{"href":"https:\/\/promoalge.com.br\/index.php?rest_route=\/wp\/v2\/product"}],"about":[{"href":"https:\/\/promoalge.com.br\/index.php?rest_route=\/wp\/v2\/types\/product"}],"wp:featuredmedia":[{"embeddable":true,"href":"https:\/\/promoalge.com.br\/index.php?rest_route=\/wp\/v2\/media\/315"}],"wp:attachment":[{"href":"https:\/\/promoalge.com.br\/index.php?rest_route=%2Fwp%2Fv2%2Fmedia&parent=265"}],"wp:term":[{"taxonomy":"product_brand","embeddable":true,"href":"https:\/\/promoalge.com.br\/index.php?rest_route=%2Fwp%2Fv2%2Fproduct_brand&post=265"},{"taxonomy":"product_cat","embeddable":true,"href":"https:\/\/promoalge.com.br\/index.php?rest_route=%2Fwp%2Fv2%2Fproduct_cat&post=265"},{"taxonomy":"product_tag","embeddable":true,"href":"https:\/\/promoalge.com.br\/index.php?rest_route=%2Fwp%2Fv2%2Fproduct_tag&post=265"}],"curies":[{"name":"wp","href":"https:\/\/api.w.org\/{rel}","templated":true}]}}