{"id":2657,"date":"2019-01-23T11:22:10","date_gmt":"2019-01-23T14:22:10","guid":{"rendered":"http:\/\/promoalge.com.br\/?post_type=product&#038;p=2657"},"modified":"2019-01-23T11:22:10","modified_gmt":"2019-01-23T14:22:10","slug":"pasta-para-notebook-pr92258","status":"publish","type":"product","link":"https:\/\/promoalge.com.br\/?product=pasta-para-notebook-pr92258","title":{"rendered":"Pasta para Notebook &#8211; PR92258"},"content":{"rendered":"","protected":false},"excerpt":{"rendered":"<p>Pasta para notebook at\u00e9 15.6&#8221; em poli\u00e9ster 600D, possui interior forrado e almofadado, com 2 bolsos frontais e al\u00e7a de ombro ajust\u00e1vel. Medidas. 400 x 300 x 80 mm, Grava\u00e7\u00e3o serigrafia em 1 cor.<\/p>\n","protected":false},"featured_media":2658,"template":"","meta":[],"product_brand":[],"product_cat":[79,415,410],"product_tag":[],"class_list":{"0":"post-2657","1":"product","2":"type-product","3":"status-publish","4":"has-post-thumbnail","6":"product_cat-bolsas-mochilas","7":"product_cat-mala-mochilas-para-notebooks","8":"product_cat-eventos-pastas-pvc","10":"first","11":"instock","12":"shipping-taxable","13":"product-type-simple"},"_links":{"self":[{"href":"https:\/\/promoalge.com.br\/index.php?rest_route=\/wp\/v2\/product\/2657","targetHints":{"allow":["GET"]}}],"collection":[{"href":"https:\/\/promoalge.com.br\/index.php?rest_route=\/wp\/v2\/product"}],"about":[{"href":"https:\/\/promoalge.com.br\/index.php?rest_route=\/wp\/v2\/types\/product"}],"wp:featuredmedia":[{"embeddable":true,"href":"https:\/\/promoalge.com.br\/index.php?rest_route=\/wp\/v2\/media\/2658"}],"wp:attachment":[{"href":"https:\/\/promoalge.com.br\/index.php?rest_route=%2Fwp%2Fv2%2Fmedia&parent=2657"}],"wp:term":[{"taxonomy":"product_brand","embeddable":true,"href":"https:\/\/promoalge.com.br\/index.php?rest_route=%2Fwp%2Fv2%2Fproduct_brand&post=2657"},{"taxonomy":"product_cat","embeddable":true,"href":"https:\/\/promoalge.com.br\/index.php?rest_route=%2Fwp%2Fv2%2Fproduct_cat&post=2657"},{"taxonomy":"product_tag","embeddable":true,"href":"https:\/\/promoalge.com.br\/index.php?rest_route=%2Fwp%2Fv2%2Fproduct_tag&post=2657"}],"curies":[{"name":"wp","href":"https:\/\/api.w.org\/{rel}","templated":true}]}}