{"id":2678,"date":"2019-01-24T16:10:57","date_gmt":"2019-01-24T19:10:57","guid":{"rendered":"http:\/\/promoalge.com.br\/?post_type=product&#038;p=2678"},"modified":"2019-01-24T16:10:58","modified_gmt":"2019-01-24T19:10:58","slug":"pasta-para-notebook-pr92290","status":"publish","type":"product","link":"https:\/\/promoalge.com.br\/?product=pasta-para-notebook-pr92290","title":{"rendered":"Pasta para Notebook &#8211; PR92290"},"content":{"rendered":"","protected":false},"excerpt":{"rendered":"<p>Pasta para notebook  at\u00e9 14&#8221; produzida em soft shell de alta densidade com bolso frontal, medidas: 370 x 280 x 30 mm. Grava\u00e7\u00e3o serigrafia.<\/p>\n","protected":false},"featured_media":2679,"template":"","meta":[],"product_brand":[],"product_cat":[79,415,410],"product_tag":[],"class_list":{"0":"post-2678","1":"product","2":"type-product","3":"status-publish","4":"has-post-thumbnail","6":"product_cat-bolsas-mochilas","7":"product_cat-mala-mochilas-para-notebooks","8":"product_cat-eventos-pastas-pvc","10":"first","11":"instock","12":"shipping-taxable","13":"product-type-simple"},"_links":{"self":[{"href":"https:\/\/promoalge.com.br\/index.php?rest_route=\/wp\/v2\/product\/2678","targetHints":{"allow":["GET"]}}],"collection":[{"href":"https:\/\/promoalge.com.br\/index.php?rest_route=\/wp\/v2\/product"}],"about":[{"href":"https:\/\/promoalge.com.br\/index.php?rest_route=\/wp\/v2\/types\/product"}],"wp:featuredmedia":[{"embeddable":true,"href":"https:\/\/promoalge.com.br\/index.php?rest_route=\/wp\/v2\/media\/2679"}],"wp:attachment":[{"href":"https:\/\/promoalge.com.br\/index.php?rest_route=%2Fwp%2Fv2%2Fmedia&parent=2678"}],"wp:term":[{"taxonomy":"product_brand","embeddable":true,"href":"https:\/\/promoalge.com.br\/index.php?rest_route=%2Fwp%2Fv2%2Fproduct_brand&post=2678"},{"taxonomy":"product_cat","embeddable":true,"href":"https:\/\/promoalge.com.br\/index.php?rest_route=%2Fwp%2Fv2%2Fproduct_cat&post=2678"},{"taxonomy":"product_tag","embeddable":true,"href":"https:\/\/promoalge.com.br\/index.php?rest_route=%2Fwp%2Fv2%2Fproduct_tag&post=2678"}],"curies":[{"name":"wp","href":"https:\/\/api.w.org\/{rel}","templated":true}]}}