{"id":2682,"date":"2019-01-24T16:23:50","date_gmt":"2019-01-24T19:23:50","guid":{"rendered":"http:\/\/promoalge.com.br\/?post_type=product&#038;p=2682"},"modified":"2019-01-24T16:23:50","modified_gmt":"2019-01-24T19:23:50","slug":"pasta-para-notebook-pr92266","status":"publish","type":"product","link":"https:\/\/promoalge.com.br\/?product=pasta-para-notebook-pr92266","title":{"rendered":"Pasta para Notebook &#8211; PR92266"},"content":{"rendered":"","protected":false},"excerpt":{"rendered":"<p>Pasta para notebook produzida em poli\u00e9ster 600 D2 Tone e poli\u00e9ster 300D compartimento forrado, com divis\u00f3ria almofadada para notebook at\u00e9 15.6&#8221;. Bolso frontal com diversos bolsos interiores. Banda para transporte em trolley com al\u00e7a de ombro ajust\u00e1vel, com refor\u00e7o almofadado, medidas 400 x 295 x 75 mm. Grava\u00e7\u00e3o serigrafia em 1 cor.<\/p>\n","protected":false},"featured_media":2683,"template":"","meta":[],"product_brand":[],"product_cat":[79,415,410],"product_tag":[],"class_list":{"0":"post-2682","1":"product","2":"type-product","3":"status-publish","4":"has-post-thumbnail","6":"product_cat-bolsas-mochilas","7":"product_cat-mala-mochilas-para-notebooks","8":"product_cat-eventos-pastas-pvc","10":"first","11":"instock","12":"shipping-taxable","13":"product-type-simple"},"_links":{"self":[{"href":"https:\/\/promoalge.com.br\/index.php?rest_route=\/wp\/v2\/product\/2682","targetHints":{"allow":["GET"]}}],"collection":[{"href":"https:\/\/promoalge.com.br\/index.php?rest_route=\/wp\/v2\/product"}],"about":[{"href":"https:\/\/promoalge.com.br\/index.php?rest_route=\/wp\/v2\/types\/product"}],"wp:featuredmedia":[{"embeddable":true,"href":"https:\/\/promoalge.com.br\/index.php?rest_route=\/wp\/v2\/media\/2683"}],"wp:attachment":[{"href":"https:\/\/promoalge.com.br\/index.php?rest_route=%2Fwp%2Fv2%2Fmedia&parent=2682"}],"wp:term":[{"taxonomy":"product_brand","embeddable":true,"href":"https:\/\/promoalge.com.br\/index.php?rest_route=%2Fwp%2Fv2%2Fproduct_brand&post=2682"},{"taxonomy":"product_cat","embeddable":true,"href":"https:\/\/promoalge.com.br\/index.php?rest_route=%2Fwp%2Fv2%2Fproduct_cat&post=2682"},{"taxonomy":"product_tag","embeddable":true,"href":"https:\/\/promoalge.com.br\/index.php?rest_route=%2Fwp%2Fv2%2Fproduct_tag&post=2682"}],"curies":[{"name":"wp","href":"https:\/\/api.w.org\/{rel}","templated":true}]}}