{"id":2686,"date":"2019-01-24T16:34:16","date_gmt":"2019-01-24T19:34:16","guid":{"rendered":"http:\/\/promoalge.com.br\/?post_type=product&#038;p=2686"},"modified":"2019-01-24T16:34:17","modified_gmt":"2019-01-24T19:34:17","slug":"pasta-a-tiracolo-pr92173","status":"publish","type":"product","link":"https:\/\/promoalge.com.br\/?product=pasta-a-tiracolo-pr92173","title":{"rendered":"Pasta \u00e0 Tiracolo &#8211; PR92173"},"content":{"rendered":"","protected":false},"excerpt":{"rendered":"<p>Pasta \u00e0 tiracolo em poli\u00e9ster 600D de alta densidade, compartimento forrado com divis\u00f3ria almofadada para tablet 9.7&#8221; e diversos bolsos interiores, parte posterior almofadada com bolso frontal e bolso posterior, al\u00e7a de ombro ajust\u00e1vel. 220 x 270 x 45 mm. Grava\u00e7\u00e3o serigrafia em 1 cor.<\/p>\n","protected":false},"featured_media":2687,"template":"","meta":[],"product_brand":[],"product_cat":[79,415,410],"product_tag":[],"class_list":{"0":"post-2686","1":"product","2":"type-product","3":"status-publish","4":"has-post-thumbnail","6":"product_cat-bolsas-mochilas","7":"product_cat-mala-mochilas-para-notebooks","8":"product_cat-eventos-pastas-pvc","10":"first","11":"instock","12":"shipping-taxable","13":"product-type-simple"},"_links":{"self":[{"href":"https:\/\/promoalge.com.br\/index.php?rest_route=\/wp\/v2\/product\/2686","targetHints":{"allow":["GET"]}}],"collection":[{"href":"https:\/\/promoalge.com.br\/index.php?rest_route=\/wp\/v2\/product"}],"about":[{"href":"https:\/\/promoalge.com.br\/index.php?rest_route=\/wp\/v2\/types\/product"}],"wp:featuredmedia":[{"embeddable":true,"href":"https:\/\/promoalge.com.br\/index.php?rest_route=\/wp\/v2\/media\/2687"}],"wp:attachment":[{"href":"https:\/\/promoalge.com.br\/index.php?rest_route=%2Fwp%2Fv2%2Fmedia&parent=2686"}],"wp:term":[{"taxonomy":"product_brand","embeddable":true,"href":"https:\/\/promoalge.com.br\/index.php?rest_route=%2Fwp%2Fv2%2Fproduct_brand&post=2686"},{"taxonomy":"product_cat","embeddable":true,"href":"https:\/\/promoalge.com.br\/index.php?rest_route=%2Fwp%2Fv2%2Fproduct_cat&post=2686"},{"taxonomy":"product_tag","embeddable":true,"href":"https:\/\/promoalge.com.br\/index.php?rest_route=%2Fwp%2Fv2%2Fproduct_tag&post=2686"}],"curies":[{"name":"wp","href":"https:\/\/api.w.org\/{rel}","templated":true}]}}