{"id":2699,"date":"2019-01-24T16:52:26","date_gmt":"2019-01-24T19:52:26","guid":{"rendered":"http:\/\/promoalge.com.br\/?post_type=product&#038;p=2699"},"modified":"2019-01-24T16:52:26","modified_gmt":"2019-01-24T19:52:26","slug":"pasta-para-notebook-pr52172","status":"publish","type":"product","link":"https:\/\/promoalge.com.br\/?product=pasta-para-notebook-pr52172","title":{"rendered":"Pasta para Notebook &#8211; PR52172"},"content":{"rendered":"","protected":false},"excerpt":{"rendered":"<p>Pasta para notebook. 840D jacquard e 300D de alta densidade, compartimento forrado e almofadado, com divis\u00f3ria almofadada para notebook at\u00e9 15.6&#8221; e diversos bolsos interiores. 3 bolsos frontais e al\u00e7a para transporte em trolley. Al\u00e7a de ombro ajust\u00e1vel, com refor\u00e7o almofadado, medidas 400 x 290 x 70 mm. Grava\u00e7\u00e3o a laser na placa de metal.<\/p>\n","protected":false},"featured_media":2700,"template":"","meta":[],"product_brand":[],"product_cat":[79,415,410],"product_tag":[],"class_list":{"0":"post-2699","1":"product","2":"type-product","3":"status-publish","4":"has-post-thumbnail","6":"product_cat-bolsas-mochilas","7":"product_cat-mala-mochilas-para-notebooks","8":"product_cat-eventos-pastas-pvc","10":"first","11":"instock","12":"shipping-taxable","13":"product-type-simple"},"_links":{"self":[{"href":"https:\/\/promoalge.com.br\/index.php?rest_route=\/wp\/v2\/product\/2699","targetHints":{"allow":["GET"]}}],"collection":[{"href":"https:\/\/promoalge.com.br\/index.php?rest_route=\/wp\/v2\/product"}],"about":[{"href":"https:\/\/promoalge.com.br\/index.php?rest_route=\/wp\/v2\/types\/product"}],"wp:featuredmedia":[{"embeddable":true,"href":"https:\/\/promoalge.com.br\/index.php?rest_route=\/wp\/v2\/media\/2700"}],"wp:attachment":[{"href":"https:\/\/promoalge.com.br\/index.php?rest_route=%2Fwp%2Fv2%2Fmedia&parent=2699"}],"wp:term":[{"taxonomy":"product_brand","embeddable":true,"href":"https:\/\/promoalge.com.br\/index.php?rest_route=%2Fwp%2Fv2%2Fproduct_brand&post=2699"},{"taxonomy":"product_cat","embeddable":true,"href":"https:\/\/promoalge.com.br\/index.php?rest_route=%2Fwp%2Fv2%2Fproduct_cat&post=2699"},{"taxonomy":"product_tag","embeddable":true,"href":"https:\/\/promoalge.com.br\/index.php?rest_route=%2Fwp%2Fv2%2Fproduct_tag&post=2699"}],"curies":[{"name":"wp","href":"https:\/\/api.w.org\/{rel}","templated":true}]}}