{"id":2739,"date":"2019-02-07T11:06:35","date_gmt":"2019-02-07T14:06:35","guid":{"rendered":"http:\/\/promoalge.com.br\/?post_type=product&#038;p=2739"},"modified":"2019-04-26T09:58:04","modified_gmt":"2019-04-26T12:58:04","slug":"kit-molesquine-espelho-caneta-kitfem","status":"publish","type":"product","link":"https:\/\/promoalge.com.br\/?product=kit-molesquine-espelho-caneta-kitfem","title":{"rendered":"Kit Molesquine + Espelho &#038; Caneta &#8211; KITFEM"},"content":{"rendered":"","protected":false},"excerpt":{"rendered":"<p>Kit Fem\u00ednino Inlcuso;<\/p>\n<p>* Molesquine com 80 folhas brancas e el\u00e1stico na capa, Medidas 14 x 9 cm. Grava\u00e7\u00e3o serigrafia em 1 cor.<\/p>\n<p>Caneta esferogr\u00e1fica com corpo met\u00e1lico inteira colorida com detalhes prata. Clip metal com a ponta do acionador preto, parte inferior com dois an\u00e9is prata. Aciona por clique. Medidas 13,7 cm x 1,2 cm. Grava\u00e7\u00e3o a laser.<\/p>\n<p>Espelho de bolsa\/ maquiagem pl\u00e1stico, medidas 60 x 5 mm. Grava\u00e7\u00e3o serigrafia em 1 cor.<\/p>\n<p>INCLUSO SACOLA PERSONALIZADA EM DUPLEX PARA ACOMODAR OS ITENS.<\/p>\n","protected":false},"featured_media":2741,"template":"","meta":[],"product_brand":[],"product_cat":[407,413],"product_tag":[],"class_list":{"0":"post-2739","1":"product","2":"type-product","3":"status-publish","4":"has-post-thumbnail","6":"product_cat-conjuntos","7":"product_cat-linha-feminina","9":"first","10":"instock","11":"shipping-taxable","12":"product-type-simple"},"_links":{"self":[{"href":"https:\/\/promoalge.com.br\/index.php?rest_route=\/wp\/v2\/product\/2739","targetHints":{"allow":["GET"]}}],"collection":[{"href":"https:\/\/promoalge.com.br\/index.php?rest_route=\/wp\/v2\/product"}],"about":[{"href":"https:\/\/promoalge.com.br\/index.php?rest_route=\/wp\/v2\/types\/product"}],"wp:featuredmedia":[{"embeddable":true,"href":"https:\/\/promoalge.com.br\/index.php?rest_route=\/wp\/v2\/media\/2741"}],"wp:attachment":[{"href":"https:\/\/promoalge.com.br\/index.php?rest_route=%2Fwp%2Fv2%2Fmedia&parent=2739"}],"wp:term":[{"taxonomy":"product_brand","embeddable":true,"href":"https:\/\/promoalge.com.br\/index.php?rest_route=%2Fwp%2Fv2%2Fproduct_brand&post=2739"},{"taxonomy":"product_cat","embeddable":true,"href":"https:\/\/promoalge.com.br\/index.php?rest_route=%2Fwp%2Fv2%2Fproduct_cat&post=2739"},{"taxonomy":"product_tag","embeddable":true,"href":"https:\/\/promoalge.com.br\/index.php?rest_route=%2Fwp%2Fv2%2Fproduct_tag&post=2739"}],"curies":[{"name":"wp","href":"https:\/\/api.w.org\/{rel}","templated":true}]}}