{"id":2748,"date":"2019-02-07T11:28:22","date_gmt":"2019-02-07T14:28:22","guid":{"rendered":"http:\/\/promoalge.com.br\/?post_type=product&#038;p=2748"},"modified":"2019-02-07T11:34:55","modified_gmt":"2019-02-07T14:34:55","slug":"kit-banho-4-pecas-pr12341","status":"publish","type":"product","link":"https:\/\/promoalge.com.br\/?product=kit-banho-4-pecas-pr12341","title":{"rendered":"Kit Banho 4 Pe\u00e7as &#8211; PR12341"},"content":{"rendered":"","protected":false},"excerpt":{"rendered":"<p>Kit banho 4 pe\u00e7as ecol\u00f3gico em \u201ccaixa\/cesta\u201d de madeira preta. Possui bucha para banho, espelho, pedra pomes e massageador. Grava\u00e7\u00e3o serigrafia em 1 cor.<\/p>\n","protected":false},"featured_media":2750,"template":"","meta":[],"product_brand":[],"product_cat":[321,413],"product_tag":[],"class_list":{"0":"post-2748","1":"product","2":"type-product","3":"status-publish","4":"has-post-thumbnail","6":"product_cat-linha-ecologica","7":"product_cat-linha-feminina","9":"first","10":"instock","11":"shipping-taxable","12":"product-type-simple"},"_links":{"self":[{"href":"https:\/\/promoalge.com.br\/index.php?rest_route=\/wp\/v2\/product\/2748","targetHints":{"allow":["GET"]}}],"collection":[{"href":"https:\/\/promoalge.com.br\/index.php?rest_route=\/wp\/v2\/product"}],"about":[{"href":"https:\/\/promoalge.com.br\/index.php?rest_route=\/wp\/v2\/types\/product"}],"wp:featuredmedia":[{"embeddable":true,"href":"https:\/\/promoalge.com.br\/index.php?rest_route=\/wp\/v2\/media\/2750"}],"wp:attachment":[{"href":"https:\/\/promoalge.com.br\/index.php?rest_route=%2Fwp%2Fv2%2Fmedia&parent=2748"}],"wp:term":[{"taxonomy":"product_brand","embeddable":true,"href":"https:\/\/promoalge.com.br\/index.php?rest_route=%2Fwp%2Fv2%2Fproduct_brand&post=2748"},{"taxonomy":"product_cat","embeddable":true,"href":"https:\/\/promoalge.com.br\/index.php?rest_route=%2Fwp%2Fv2%2Fproduct_cat&post=2748"},{"taxonomy":"product_tag","embeddable":true,"href":"https:\/\/promoalge.com.br\/index.php?rest_route=%2Fwp%2Fv2%2Fproduct_tag&post=2748"}],"curies":[{"name":"wp","href":"https:\/\/api.w.org\/{rel}","templated":true}]}}